{"id":89,"date":"2026-02-17T17:35:14","date_gmt":"2026-02-17T17:35:14","guid":{"rendered":"https:\/\/gonvel.net\/?page_id=89"},"modified":"2026-02-19T12:45:09","modified_gmt":"2026-02-19T12:45:09","slug":"juridico","status":"publish","type":"page","link":"https:\/\/gonvel.net\/index.php\/juridico\/","title":{"rendered":"Jur\u00eddico"},"content":{"rendered":"\n<figure class=\"wp-block-image size-full\"><img loading=\"lazy\" decoding=\"async\" width=\"429\" height=\"454\" src=\"https:\/\/gonvel.net\/wp-content\/uploads\/2026\/02\/Juridico.png\" alt=\"\" class=\"wp-image-121\" srcset=\"https:\/\/gonvel.net\/wp-content\/uploads\/2026\/02\/Juridico.png 429w, https:\/\/gonvel.net\/wp-content\/uploads\/2026\/02\/Juridico-283x300.png 283w\" sizes=\"auto, (max-width: 429px) 100vw, 429px\" \/><\/figure>\n\n\n\n<p><strong>Derecho Mercantil:<\/strong><\/p>\n\n\n\n<ul class=\"wp-block-list\">\n<li>Constituci\u00f3n de sociedades.<\/li>\n\n\n\n<li>Redacci\u00f3n de todo tipo de Actas, Certificados y acuerdos societarios.<\/li>\n\n\n\n<li>Secretar\u00eda de Consejos de Administraci\u00f3n y Juntas Generales.<\/li>\n\n\n\n<li>Asistencia ante notarios p\u00fablicos y Registro Mercantil.<\/li>\n\n\n\n<li>Contratos mercantiles, etc.<\/li>\n<\/ul>\n\n\n\n<p><strong>Derecho Inmobiliario, urbanismo y construcci\u00f3n:<\/strong><\/p>\n\n\n\n<ul class=\"wp-block-list\">\n<li>Desarrollo urban\u00edstico del suelo, promoci\u00f3n inmobiliaria, construcci\u00f3n, adquisiciones y arrendamientos.<\/li>\n\n\n\n<li>Secretar\u00eda Juntas de Compensaci\u00f3n.<\/li>\n\n\n\n<li>Contratos inmobiliarios de todo tipo (compraventa, permuta, etc.) y contrato de servicios (obra, t\u00e9cnicos, proveedores,etc.) en el proceso de la promoci\u00f3n.<\/li>\n\n\n\n<li>Implantaci\u00f3n del procedimiento para la prevenci\u00f3n del blanqueo de capitales.<\/li>\n\n\n\n<li>Implantaci\u00f3n del procedimiento para el cumplimiento de la normativa estatal y andaluza en la informaci\u00f3n a suministrar a consumidores.<\/li>\n<\/ul>\n\n\n\n<p><strong>Derecho Procesal:<\/strong><\/p>\n\n\n\n<ul class=\"wp-block-list\">\n<li>Procedimientos civiles, mercantiles y contencioso-administrativos; recuperaciones (ejecutivos, hipotecarios, etc.).<\/li>\n\n\n\n<li>Procedimientos laborales (CMAC y SERCLA; \u00d3rganos del Orden Jurisdiccional Social; Despido colectivo y de suspensi\u00f3n de contratos y reducci\u00f3n de jornada; Impugnaci\u00f3n de convenios y conflicto colectivo; Asistencia ante la Inspecci\u00f3n de trabajo; Defensa en procedimientos sancionadores; etc.)<\/li>\n<\/ul>\n\n\n\n<p><strong>Derecho Administrativo:<\/strong><\/p>\n\n\n\n<ul class=\"wp-block-list\">\n<li>Todo tipo de procedimientos administrativos.<\/li>\n\n\n\n<li>Recursos administrativos y contencioso administrativos.<\/li>\n\n\n\n<li>Implantaci\u00f3n de Establecimientos Permanentes.<\/li>\n\n\n\n<li>Asesoramiento a expatriados.<\/li>\n<\/ul>\n\n\n\n<p><strong>Derecho Civil:<\/strong><\/p>\n\n\n\n<ul class=\"wp-block-list\">\n<li>Sucesiones (planificaci\u00f3n herencias, testamentos, albaceas, fideicomisos, aceptaci\u00f3n de herencias, etc.).<\/li>\n<\/ul>\n\n\n\n<p><strong>Derecho Laboral:<\/strong><\/p>\n\n\n\n<ul class=\"wp-block-list\">\n<li>Contrataci\u00f3n, despidos, etc.<\/li>\n\n\n\n<li>ERES, ERTES, etc.<\/li>\n\n\n\n<li>Contrataci\u00f3n de Altos Directivos.<\/li>\n<\/ul>\n\n\n\n<p><strong>Due Diligence. Mercantil e Inmobiliario:<\/strong><\/p>\n\n\n\n<ul class=\"wp-block-list\">\n<li>An\u00e1lisis exhaustivo de la situaci\u00f3n legal de una sociedad o grupo de sociedades.<\/li>\n\n\n\n<li>An\u00e1lisis exhaustivo de la situaci\u00f3n legal desde el punto de vista inmobiliario y urban\u00edstico de todo tipo de inmuebles.<\/li>\n<\/ul>\n\n\n\n<p><strong>Derecho Laboral (Seguridad Social y Sistemas Alternativos)::<\/strong><\/p>\n\n\n\n<ul class=\"wp-block-list\">\n<li>Defensa frente a actas de infracci\u00f3n y de liquidaci\u00f3n extendidas por la inspecci\u00f3n de Trabajo y de la Seguridad Social.<\/li>\n\n\n\n<li>Planes de Pensiones y Previsi\u00f3n Social Complementaria.<\/li>\n\n\n\n<li>Convenios especiales de seguridad Social.<\/li>\n\n\n\n<li>Liquidaci\u00f3n de deudas con la Seguridad Social.<\/li>\n\n\n\n<li>Asesoramiento en materia de reducci\u00f3n de costes sociales por fomento de empleo y contrataci\u00f3n indefinida.<\/li>\n<\/ul>\n\n\n\n<p><strong>Derecho Laboral (Prevenci\u00f3n de Riesgos Laborales)::<\/strong><\/p>\n\n\n\n<ul class=\"wp-block-list\">\n<li>Defensa ante la Inspecci\u00f3n de Trabajo y de la Seguridad Social por incumplimientos en materia de prevenci\u00f3n de riesgos laborales, accidentes de trabajo y enfermedades profesionales (recargo de prestaciones).<\/li>\n\n\n\n<li>An\u00e1lisis de suficiencia de las medidas de prevenci\u00f3n de riesgos laborales.<\/li>\n<\/ul>\n\n\n\n<p><strong>Derecho Laboral (Negociaci\u00f3n colectiva):<\/strong><\/p>\n\n\n\n<ul class=\"wp-block-list\">\n<li>Negociaci\u00f3n de convenios colectivos.<\/li>\n\n\n\n<li>Relaciones con los representantes de los trabajadores.<\/li>\n\n\n\n<li>Huelga.<\/li>\n\n\n\n<li>Asesoramiento sobre soluci\u00f3n extrajudicial de conflicto. ASEC<\/li>\n\n\n\n<li>Cierre Patronal y Cierre defensivo (lock out).<\/li>\n<\/ul>\n","protected":false},"excerpt":{"rendered":"<p>Derecho Mercantil: Derecho Inmobiliario, urbanismo y construcci\u00f3n: Derecho Procesal: Derecho Administrativo: Derecho Civil: Derecho Laboral: Due Diligence. Mercantil e Inmobiliario: Derecho Laboral (Seguridad Social y Sistemas Alternativos):: Derecho Laboral (Prevenci\u00f3n de Riesgos Laborales):: Derecho Laboral (Negociaci\u00f3n colectiva):<\/p>\n","protected":false},"author":1,"featured_media":0,"parent":0,"menu_order":0,"comment_status":"closed","ping_status":"closed","template":"","meta":{"_themeisle_gutenberg_block_has_review":false,"footnotes":""},"class_list":["post-89","page","type-page","status-publish","hentry"],"yoast_head":"<!-- This site is optimized with the Yoast SEO plugin v27.3 - https:\/\/yoast.com\/product\/yoast-seo-wordpress\/ -->\n<title>Jur\u00eddico - GONVEL Abogados y Asesores Tributarios<\/title>\n<meta name=\"robots\" content=\"index, follow, max-snippet:-1, max-image-preview:large, max-video-preview:-1\" \/>\n<link rel=\"canonical\" href=\"https:\/\/gonvel.net\/index.php\/juridico\/\" \/>\n<meta property=\"og:locale\" content=\"es_ES\" \/>\n<meta property=\"og:type\" content=\"article\" \/>\n<meta property=\"og:title\" content=\"Jur\u00eddico - GONVEL Abogados y Asesores Tributarios\" \/>\n<meta property=\"og:description\" content=\"Derecho Mercantil: Derecho Inmobiliario, urbanismo y construcci\u00f3n: Derecho Procesal: Derecho Administrativo: Derecho Civil: Derecho Laboral: Due Diligence. Mercantil e Inmobiliario: Derecho Laboral (Seguridad Social y Sistemas Alternativos):: Derecho Laboral (Prevenci\u00f3n de Riesgos Laborales):: Derecho Laboral (Negociaci\u00f3n colectiva):\" \/>\n<meta property=\"og:url\" content=\"https:\/\/gonvel.net\/index.php\/juridico\/\" \/>\n<meta property=\"og:site_name\" content=\"GONVEL Abogados y Asesores Tributarios\" \/>\n<meta property=\"article:modified_time\" content=\"2026-02-19T12:45:09+00:00\" \/>\n<meta property=\"og:image\" content=\"https:\/\/gonvel.net\/wp-content\/uploads\/2026\/02\/Juridico.png\" \/>\n\t<meta property=\"og:image:width\" content=\"429\" \/>\n\t<meta property=\"og:image:height\" content=\"454\" \/>\n\t<meta property=\"og:image:type\" content=\"image\/png\" \/>\n<meta name=\"twitter:card\" content=\"summary_large_image\" \/>\n<meta name=\"twitter:label1\" content=\"Tiempo de lectura\" \/>\n\t<meta name=\"twitter:data1\" content=\"2 minutos\" \/>\n<script type=\"application\/ld+json\" class=\"yoast-schema-graph\">{\"@context\":\"https:\\\/\\\/schema.org\",\"@graph\":[{\"@type\":\"WebPage\",\"@id\":\"https:\\\/\\\/gonvel.net\\\/index.php\\\/juridico\\\/\",\"url\":\"https:\\\/\\\/gonvel.net\\\/index.php\\\/juridico\\\/\",\"name\":\"Jur\u00eddico - GONVEL Abogados y Asesores Tributarios\",\"isPartOf\":{\"@id\":\"https:\\\/\\\/gonvel.net\\\/#website\"},\"primaryImageOfPage\":{\"@id\":\"https:\\\/\\\/gonvel.net\\\/index.php\\\/juridico\\\/#primaryimage\"},\"image\":{\"@id\":\"https:\\\/\\\/gonvel.net\\\/index.php\\\/juridico\\\/#primaryimage\"},\"thumbnailUrl\":\"https:\\\/\\\/gonvel.net\\\/wp-content\\\/uploads\\\/2026\\\/02\\\/Juridico.png\",\"datePublished\":\"2026-02-17T17:35:14+00:00\",\"dateModified\":\"2026-02-19T12:45:09+00:00\",\"breadcrumb\":{\"@id\":\"https:\\\/\\\/gonvel.net\\\/index.php\\\/juridico\\\/#breadcrumb\"},\"inLanguage\":\"es\",\"potentialAction\":[{\"@type\":\"ReadAction\",\"target\":[\"https:\\\/\\\/gonvel.net\\\/index.php\\\/juridico\\\/\"]}]},{\"@type\":\"ImageObject\",\"inLanguage\":\"es\",\"@id\":\"https:\\\/\\\/gonvel.net\\\/index.php\\\/juridico\\\/#primaryimage\",\"url\":\"https:\\\/\\\/gonvel.net\\\/wp-content\\\/uploads\\\/2026\\\/02\\\/Juridico.png\",\"contentUrl\":\"https:\\\/\\\/gonvel.net\\\/wp-content\\\/uploads\\\/2026\\\/02\\\/Juridico.png\",\"width\":429,\"height\":454},{\"@type\":\"BreadcrumbList\",\"@id\":\"https:\\\/\\\/gonvel.net\\\/index.php\\\/juridico\\\/#breadcrumb\",\"itemListElement\":[{\"@type\":\"ListItem\",\"position\":1,\"name\":\"Portada\",\"item\":\"https:\\\/\\\/gonvel.net\\\/\"},{\"@type\":\"ListItem\",\"position\":2,\"name\":\"Jur\u00eddico\"}]},{\"@type\":\"WebSite\",\"@id\":\"https:\\\/\\\/gonvel.net\\\/#website\",\"url\":\"https:\\\/\\\/gonvel.net\\\/\",\"name\":\"GONVEL Abogados y Asesores Tributarios\",\"description\":\"\",\"publisher\":{\"@id\":\"https:\\\/\\\/gonvel.net\\\/#organization\"},\"potentialAction\":[{\"@type\":\"SearchAction\",\"target\":{\"@type\":\"EntryPoint\",\"urlTemplate\":\"https:\\\/\\\/gonvel.net\\\/?s={search_term_string}\"},\"query-input\":{\"@type\":\"PropertyValueSpecification\",\"valueRequired\":true,\"valueName\":\"search_term_string\"}}],\"inLanguage\":\"es\"},{\"@type\":\"Organization\",\"@id\":\"https:\\\/\\\/gonvel.net\\\/#organization\",\"name\":\"GONVEL Abogados y Asesores Tributarios\",\"url\":\"https:\\\/\\\/gonvel.net\\\/\",\"logo\":{\"@type\":\"ImageObject\",\"inLanguage\":\"es\",\"@id\":\"https:\\\/\\\/gonvel.net\\\/#\\\/schema\\\/logo\\\/image\\\/\",\"url\":\"https:\\\/\\\/gonvel.net\\\/wp-content\\\/uploads\\\/2026\\\/01\\\/logo-inicio.jpg\",\"contentUrl\":\"https:\\\/\\\/gonvel.net\\\/wp-content\\\/uploads\\\/2026\\\/01\\\/logo-inicio.jpg\",\"width\":449,\"height\":305,\"caption\":\"GONVEL Abogados y Asesores Tributarios\"},\"image\":{\"@id\":\"https:\\\/\\\/gonvel.net\\\/#\\\/schema\\\/logo\\\/image\\\/\"}}]}<\/script>\n<!-- \/ Yoast SEO plugin. -->","yoast_head_json":{"title":"Jur\u00eddico - GONVEL Abogados y Asesores Tributarios","robots":{"index":"index","follow":"follow","max-snippet":"max-snippet:-1","max-image-preview":"max-image-preview:large","max-video-preview":"max-video-preview:-1"},"canonical":"https:\/\/gonvel.net\/index.php\/juridico\/","og_locale":"es_ES","og_type":"article","og_title":"Jur\u00eddico - GONVEL Abogados y Asesores Tributarios","og_description":"Derecho Mercantil: Derecho Inmobiliario, urbanismo y construcci\u00f3n: Derecho Procesal: Derecho Administrativo: Derecho Civil: Derecho Laboral: Due Diligence. Mercantil e Inmobiliario: Derecho Laboral (Seguridad Social y Sistemas Alternativos):: Derecho Laboral (Prevenci\u00f3n de Riesgos Laborales):: Derecho Laboral (Negociaci\u00f3n colectiva):","og_url":"https:\/\/gonvel.net\/index.php\/juridico\/","og_site_name":"GONVEL Abogados y Asesores Tributarios","article_modified_time":"2026-02-19T12:45:09+00:00","og_image":[{"width":429,"height":454,"url":"https:\/\/gonvel.net\/wp-content\/uploads\/2026\/02\/Juridico.png","type":"image\/png"}],"twitter_card":"summary_large_image","twitter_misc":{"Tiempo de lectura":"2 minutos"},"schema":{"@context":"https:\/\/schema.org","@graph":[{"@type":"WebPage","@id":"https:\/\/gonvel.net\/index.php\/juridico\/","url":"https:\/\/gonvel.net\/index.php\/juridico\/","name":"Jur\u00eddico - GONVEL Abogados y Asesores Tributarios","isPartOf":{"@id":"https:\/\/gonvel.net\/#website"},"primaryImageOfPage":{"@id":"https:\/\/gonvel.net\/index.php\/juridico\/#primaryimage"},"image":{"@id":"https:\/\/gonvel.net\/index.php\/juridico\/#primaryimage"},"thumbnailUrl":"https:\/\/gonvel.net\/wp-content\/uploads\/2026\/02\/Juridico.png","datePublished":"2026-02-17T17:35:14+00:00","dateModified":"2026-02-19T12:45:09+00:00","breadcrumb":{"@id":"https:\/\/gonvel.net\/index.php\/juridico\/#breadcrumb"},"inLanguage":"es","potentialAction":[{"@type":"ReadAction","target":["https:\/\/gonvel.net\/index.php\/juridico\/"]}]},{"@type":"ImageObject","inLanguage":"es","@id":"https:\/\/gonvel.net\/index.php\/juridico\/#primaryimage","url":"https:\/\/gonvel.net\/wp-content\/uploads\/2026\/02\/Juridico.png","contentUrl":"https:\/\/gonvel.net\/wp-content\/uploads\/2026\/02\/Juridico.png","width":429,"height":454},{"@type":"BreadcrumbList","@id":"https:\/\/gonvel.net\/index.php\/juridico\/#breadcrumb","itemListElement":[{"@type":"ListItem","position":1,"name":"Portada","item":"https:\/\/gonvel.net\/"},{"@type":"ListItem","position":2,"name":"Jur\u00eddico"}]},{"@type":"WebSite","@id":"https:\/\/gonvel.net\/#website","url":"https:\/\/gonvel.net\/","name":"GONVEL Abogados y Asesores Tributarios","description":"","publisher":{"@id":"https:\/\/gonvel.net\/#organization"},"potentialAction":[{"@type":"SearchAction","target":{"@type":"EntryPoint","urlTemplate":"https:\/\/gonvel.net\/?s={search_term_string}"},"query-input":{"@type":"PropertyValueSpecification","valueRequired":true,"valueName":"search_term_string"}}],"inLanguage":"es"},{"@type":"Organization","@id":"https:\/\/gonvel.net\/#organization","name":"GONVEL Abogados y Asesores Tributarios","url":"https:\/\/gonvel.net\/","logo":{"@type":"ImageObject","inLanguage":"es","@id":"https:\/\/gonvel.net\/#\/schema\/logo\/image\/","url":"https:\/\/gonvel.net\/wp-content\/uploads\/2026\/01\/logo-inicio.jpg","contentUrl":"https:\/\/gonvel.net\/wp-content\/uploads\/2026\/01\/logo-inicio.jpg","width":449,"height":305,"caption":"GONVEL Abogados y Asesores Tributarios"},"image":{"@id":"https:\/\/gonvel.net\/#\/schema\/logo\/image\/"}}]}},"_links":{"self":[{"href":"https:\/\/gonvel.net\/index.php\/wp-json\/wp\/v2\/pages\/89","targetHints":{"allow":["GET"]}}],"collection":[{"href":"https:\/\/gonvel.net\/index.php\/wp-json\/wp\/v2\/pages"}],"about":[{"href":"https:\/\/gonvel.net\/index.php\/wp-json\/wp\/v2\/types\/page"}],"author":[{"embeddable":true,"href":"https:\/\/gonvel.net\/index.php\/wp-json\/wp\/v2\/users\/1"}],"replies":[{"embeddable":true,"href":"https:\/\/gonvel.net\/index.php\/wp-json\/wp\/v2\/comments?post=89"}],"version-history":[{"count":2,"href":"https:\/\/gonvel.net\/index.php\/wp-json\/wp\/v2\/pages\/89\/revisions"}],"predecessor-version":[{"id":139,"href":"https:\/\/gonvel.net\/index.php\/wp-json\/wp\/v2\/pages\/89\/revisions\/139"}],"wp:attachment":[{"href":"https:\/\/gonvel.net\/index.php\/wp-json\/wp\/v2\/media?parent=89"}],"curies":[{"name":"wp","href":"https:\/\/api.w.org\/{rel}","templated":true}]}}