{"id":87,"date":"2026-02-17T17:34:21","date_gmt":"2026-02-17T17:34:21","guid":{"rendered":"https:\/\/gonvel.net\/?page_id=87"},"modified":"2026-02-19T12:43:42","modified_gmt":"2026-02-19T12:43:42","slug":"fiscal","status":"publish","type":"page","link":"https:\/\/gonvel.net\/index.php\/fiscal\/","title":{"rendered":"Fiscal"},"content":{"rendered":"\n<figure class=\"wp-block-image size-full\"><img loading=\"lazy\" decoding=\"async\" width=\"427\" height=\"448\" src=\"https:\/\/gonvel.net\/wp-content\/uploads\/2026\/02\/Fiscal.png\" alt=\"\" class=\"wp-image-122\" srcset=\"https:\/\/gonvel.net\/wp-content\/uploads\/2026\/02\/Fiscal.png 427w, https:\/\/gonvel.net\/wp-content\/uploads\/2026\/02\/Fiscal-286x300.png 286w\" sizes=\"auto, (max-width: 427px) 100vw, 427px\" \/><\/figure>\n\n\n\n<p><strong>Asesoramiento tributario especializado:<\/strong><\/p>\n\n\n\n<ul class=\"wp-block-list\">\n<li>Impuesto sobre Sociedades (IS).<\/li>\n\n\n\n<li>Impuesto sobre el Valor A\u00f1adido (IVA).<\/li>\n\n\n\n<li>Impuesto sobre la Renta de las Personas F\u00edsicas (IRPF).<\/li>\n\n\n\n<li>Impuesto sobre el Patrimonio (IP).<\/li>\n\n\n\n<li>Impuesto sobre la Renta de No Residentes.<\/li>\n\n\n\n<li>Impuesto sobre Transmisiones Patrimoniales y Actos Jur\u00eddicos Documentados (ITP y AJD).<\/li>\n\n\n\n<li>Impuesto sobre Sucesiones y Donaciones (IS y D).<\/li>\n\n\n\n<li>Impuestos locales, etc.<\/li>\n<\/ul>\n\n\n\n<p><strong>Asesoramiento tributario a empresas y grupos de empresas:<\/strong><\/p>\n\n\n\n<ul class=\"wp-block-list\">\n<li>Asesoramiento en la planificaci\u00f3n y seguimiento de las implicaciones fiscales de la actividad de la Compa\u00f1\u00eda<\/li>\n\n\n\n<li>Reorganizaci\u00f3n de Grupos empresariales optimizando los recursos financieros y ventajas fiscales.<\/li>\n<\/ul>\n\n\n\n<p><strong>Asesoramiento tributario a la empresa familiar:<\/strong><\/p>\n\n\n\n<ul class=\"wp-block-list\">\n<li>Obtenci\u00f3n de ventajas fiscales: Exenci\u00f3n en el Impuesto sobre el Patrimonio y Bonificaci\u00f3n en el Impuesto sobre Sucesiones y Donaciones.<\/li>\n\n\n\n<li>Reestructuraci\u00f3n de grupos de empresas familiares.<\/li>\n\n\n\n<li>Planificaci\u00f3n de la sucesi\u00f3n<\/li>\n<\/ul>\n\n\n\n<p><strong>Asesoramiento tributario especializado a No Residentes:<\/strong><\/p>\n\n\n\n<ul class=\"wp-block-list\">\n<li>Compraventa de Inmuebles<\/li>\n\n\n\n<li>Solicitud devoluciones de IVA.<\/li>\n\n\n\n<li>Implantaci\u00f3n de Establecimientos Permanentes.<\/li>\n\n\n\n<li>Asesoramiento a expatriados.<\/li>\n<\/ul>\n\n\n\n<p><strong>Procedimientos Tributarios:<\/strong><\/p>\n\n\n\n<ul class=\"wp-block-list\">\n<li>Gesti\u00f3n Tributaria.<\/li>\n\n\n\n<li>Consultas.<\/li>\n\n\n\n<li>Procedimientos de inspecci\u00f3n.<\/li>\n\n\n\n<li>Reclamaciones Econ\u00f3micas Administrativas.<\/li>\n\n\n\n<li>Recursos Contencioso Administrativos.<\/li>\n<\/ul>\n\n\n\n<p><strong>Due Diligence:<\/strong><\/p>\n\n\n\n<ul class=\"wp-block-list\">\n<li>Estudio exhaustivo de la situaci\u00f3n fiscal de una compa\u00f1\u00eda o grupo de compa\u00f1\u00edas.<\/li>\n<\/ul>\n","protected":false},"excerpt":{"rendered":"<p>Asesoramiento tributario especializado: Asesoramiento tributario a empresas y grupos de empresas: Asesoramiento tributario a la empresa familiar: Asesoramiento tributario especializado a No Residentes: Procedimientos Tributarios: Due Diligence:<\/p>\n","protected":false},"author":1,"featured_media":0,"parent":0,"menu_order":0,"comment_status":"closed","ping_status":"closed","template":"","meta":{"_themeisle_gutenberg_block_has_review":false,"footnotes":""},"class_list":["post-87","page","type-page","status-publish","hentry"],"yoast_head":"<!-- This site is optimized with the Yoast SEO plugin v27.3 - https:\/\/yoast.com\/product\/yoast-seo-wordpress\/ -->\n<title>Fiscal - GONVEL Abogados y Asesores Tributarios<\/title>\n<meta name=\"robots\" content=\"index, follow, max-snippet:-1, max-image-preview:large, max-video-preview:-1\" \/>\n<link rel=\"canonical\" href=\"https:\/\/gonvel.net\/index.php\/fiscal\/\" \/>\n<meta property=\"og:locale\" content=\"es_ES\" \/>\n<meta property=\"og:type\" content=\"article\" \/>\n<meta property=\"og:title\" content=\"Fiscal - GONVEL Abogados y Asesores Tributarios\" \/>\n<meta property=\"og:description\" content=\"Asesoramiento tributario especializado: Asesoramiento tributario a empresas y grupos de empresas: Asesoramiento tributario a la empresa familiar: Asesoramiento tributario especializado a No Residentes: Procedimientos Tributarios: Due Diligence:\" \/>\n<meta property=\"og:url\" content=\"https:\/\/gonvel.net\/index.php\/fiscal\/\" \/>\n<meta property=\"og:site_name\" content=\"GONVEL Abogados y Asesores Tributarios\" \/>\n<meta property=\"article:modified_time\" content=\"2026-02-19T12:43:42+00:00\" \/>\n<meta property=\"og:image\" content=\"https:\/\/gonvel.net\/wp-content\/uploads\/2026\/02\/Fiscal.png\" \/>\n\t<meta property=\"og:image:width\" content=\"427\" \/>\n\t<meta property=\"og:image:height\" content=\"448\" \/>\n\t<meta property=\"og:image:type\" content=\"image\/png\" \/>\n<meta name=\"twitter:card\" content=\"summary_large_image\" \/>\n<meta name=\"twitter:label1\" content=\"Tiempo de lectura\" \/>\n\t<meta name=\"twitter:data1\" content=\"2 minutos\" \/>\n<script type=\"application\/ld+json\" class=\"yoast-schema-graph\">{\"@context\":\"https:\\\/\\\/schema.org\",\"@graph\":[{\"@type\":\"WebPage\",\"@id\":\"https:\\\/\\\/gonvel.net\\\/index.php\\\/fiscal\\\/\",\"url\":\"https:\\\/\\\/gonvel.net\\\/index.php\\\/fiscal\\\/\",\"name\":\"Fiscal - GONVEL Abogados y Asesores Tributarios\",\"isPartOf\":{\"@id\":\"https:\\\/\\\/gonvel.net\\\/#website\"},\"primaryImageOfPage\":{\"@id\":\"https:\\\/\\\/gonvel.net\\\/index.php\\\/fiscal\\\/#primaryimage\"},\"image\":{\"@id\":\"https:\\\/\\\/gonvel.net\\\/index.php\\\/fiscal\\\/#primaryimage\"},\"thumbnailUrl\":\"https:\\\/\\\/gonvel.net\\\/wp-content\\\/uploads\\\/2026\\\/02\\\/Fiscal.png\",\"datePublished\":\"2026-02-17T17:34:21+00:00\",\"dateModified\":\"2026-02-19T12:43:42+00:00\",\"breadcrumb\":{\"@id\":\"https:\\\/\\\/gonvel.net\\\/index.php\\\/fiscal\\\/#breadcrumb\"},\"inLanguage\":\"es\",\"potentialAction\":[{\"@type\":\"ReadAction\",\"target\":[\"https:\\\/\\\/gonvel.net\\\/index.php\\\/fiscal\\\/\"]}]},{\"@type\":\"ImageObject\",\"inLanguage\":\"es\",\"@id\":\"https:\\\/\\\/gonvel.net\\\/index.php\\\/fiscal\\\/#primaryimage\",\"url\":\"https:\\\/\\\/gonvel.net\\\/wp-content\\\/uploads\\\/2026\\\/02\\\/Fiscal.png\",\"contentUrl\":\"https:\\\/\\\/gonvel.net\\\/wp-content\\\/uploads\\\/2026\\\/02\\\/Fiscal.png\",\"width\":427,\"height\":448},{\"@type\":\"BreadcrumbList\",\"@id\":\"https:\\\/\\\/gonvel.net\\\/index.php\\\/fiscal\\\/#breadcrumb\",\"itemListElement\":[{\"@type\":\"ListItem\",\"position\":1,\"name\":\"Portada\",\"item\":\"https:\\\/\\\/gonvel.net\\\/\"},{\"@type\":\"ListItem\",\"position\":2,\"name\":\"Fiscal\"}]},{\"@type\":\"WebSite\",\"@id\":\"https:\\\/\\\/gonvel.net\\\/#website\",\"url\":\"https:\\\/\\\/gonvel.net\\\/\",\"name\":\"GONVEL Abogados y Asesores Tributarios\",\"description\":\"\",\"publisher\":{\"@id\":\"https:\\\/\\\/gonvel.net\\\/#organization\"},\"potentialAction\":[{\"@type\":\"SearchAction\",\"target\":{\"@type\":\"EntryPoint\",\"urlTemplate\":\"https:\\\/\\\/gonvel.net\\\/?s={search_term_string}\"},\"query-input\":{\"@type\":\"PropertyValueSpecification\",\"valueRequired\":true,\"valueName\":\"search_term_string\"}}],\"inLanguage\":\"es\"},{\"@type\":\"Organization\",\"@id\":\"https:\\\/\\\/gonvel.net\\\/#organization\",\"name\":\"GONVEL Abogados y Asesores Tributarios\",\"url\":\"https:\\\/\\\/gonvel.net\\\/\",\"logo\":{\"@type\":\"ImageObject\",\"inLanguage\":\"es\",\"@id\":\"https:\\\/\\\/gonvel.net\\\/#\\\/schema\\\/logo\\\/image\\\/\",\"url\":\"https:\\\/\\\/gonvel.net\\\/wp-content\\\/uploads\\\/2026\\\/01\\\/logo-inicio.jpg\",\"contentUrl\":\"https:\\\/\\\/gonvel.net\\\/wp-content\\\/uploads\\\/2026\\\/01\\\/logo-inicio.jpg\",\"width\":449,\"height\":305,\"caption\":\"GONVEL Abogados y Asesores Tributarios\"},\"image\":{\"@id\":\"https:\\\/\\\/gonvel.net\\\/#\\\/schema\\\/logo\\\/image\\\/\"}}]}<\/script>\n<!-- \/ Yoast SEO plugin. -->","yoast_head_json":{"title":"Fiscal - GONVEL Abogados y Asesores Tributarios","robots":{"index":"index","follow":"follow","max-snippet":"max-snippet:-1","max-image-preview":"max-image-preview:large","max-video-preview":"max-video-preview:-1"},"canonical":"https:\/\/gonvel.net\/index.php\/fiscal\/","og_locale":"es_ES","og_type":"article","og_title":"Fiscal - GONVEL Abogados y Asesores Tributarios","og_description":"Asesoramiento tributario especializado: Asesoramiento tributario a empresas y grupos de empresas: Asesoramiento tributario a la empresa familiar: Asesoramiento tributario especializado a No Residentes: Procedimientos Tributarios: Due Diligence:","og_url":"https:\/\/gonvel.net\/index.php\/fiscal\/","og_site_name":"GONVEL Abogados y Asesores Tributarios","article_modified_time":"2026-02-19T12:43:42+00:00","og_image":[{"width":427,"height":448,"url":"https:\/\/gonvel.net\/wp-content\/uploads\/2026\/02\/Fiscal.png","type":"image\/png"}],"twitter_card":"summary_large_image","twitter_misc":{"Tiempo de lectura":"2 minutos"},"schema":{"@context":"https:\/\/schema.org","@graph":[{"@type":"WebPage","@id":"https:\/\/gonvel.net\/index.php\/fiscal\/","url":"https:\/\/gonvel.net\/index.php\/fiscal\/","name":"Fiscal - GONVEL Abogados y Asesores Tributarios","isPartOf":{"@id":"https:\/\/gonvel.net\/#website"},"primaryImageOfPage":{"@id":"https:\/\/gonvel.net\/index.php\/fiscal\/#primaryimage"},"image":{"@id":"https:\/\/gonvel.net\/index.php\/fiscal\/#primaryimage"},"thumbnailUrl":"https:\/\/gonvel.net\/wp-content\/uploads\/2026\/02\/Fiscal.png","datePublished":"2026-02-17T17:34:21+00:00","dateModified":"2026-02-19T12:43:42+00:00","breadcrumb":{"@id":"https:\/\/gonvel.net\/index.php\/fiscal\/#breadcrumb"},"inLanguage":"es","potentialAction":[{"@type":"ReadAction","target":["https:\/\/gonvel.net\/index.php\/fiscal\/"]}]},{"@type":"ImageObject","inLanguage":"es","@id":"https:\/\/gonvel.net\/index.php\/fiscal\/#primaryimage","url":"https:\/\/gonvel.net\/wp-content\/uploads\/2026\/02\/Fiscal.png","contentUrl":"https:\/\/gonvel.net\/wp-content\/uploads\/2026\/02\/Fiscal.png","width":427,"height":448},{"@type":"BreadcrumbList","@id":"https:\/\/gonvel.net\/index.php\/fiscal\/#breadcrumb","itemListElement":[{"@type":"ListItem","position":1,"name":"Portada","item":"https:\/\/gonvel.net\/"},{"@type":"ListItem","position":2,"name":"Fiscal"}]},{"@type":"WebSite","@id":"https:\/\/gonvel.net\/#website","url":"https:\/\/gonvel.net\/","name":"GONVEL Abogados y Asesores Tributarios","description":"","publisher":{"@id":"https:\/\/gonvel.net\/#organization"},"potentialAction":[{"@type":"SearchAction","target":{"@type":"EntryPoint","urlTemplate":"https:\/\/gonvel.net\/?s={search_term_string}"},"query-input":{"@type":"PropertyValueSpecification","valueRequired":true,"valueName":"search_term_string"}}],"inLanguage":"es"},{"@type":"Organization","@id":"https:\/\/gonvel.net\/#organization","name":"GONVEL Abogados y Asesores Tributarios","url":"https:\/\/gonvel.net\/","logo":{"@type":"ImageObject","inLanguage":"es","@id":"https:\/\/gonvel.net\/#\/schema\/logo\/image\/","url":"https:\/\/gonvel.net\/wp-content\/uploads\/2026\/01\/logo-inicio.jpg","contentUrl":"https:\/\/gonvel.net\/wp-content\/uploads\/2026\/01\/logo-inicio.jpg","width":449,"height":305,"caption":"GONVEL Abogados y Asesores Tributarios"},"image":{"@id":"https:\/\/gonvel.net\/#\/schema\/logo\/image\/"}}]}},"_links":{"self":[{"href":"https:\/\/gonvel.net\/index.php\/wp-json\/wp\/v2\/pages\/87","targetHints":{"allow":["GET"]}}],"collection":[{"href":"https:\/\/gonvel.net\/index.php\/wp-json\/wp\/v2\/pages"}],"about":[{"href":"https:\/\/gonvel.net\/index.php\/wp-json\/wp\/v2\/types\/page"}],"author":[{"embeddable":true,"href":"https:\/\/gonvel.net\/index.php\/wp-json\/wp\/v2\/users\/1"}],"replies":[{"embeddable":true,"href":"https:\/\/gonvel.net\/index.php\/wp-json\/wp\/v2\/comments?post=87"}],"version-history":[{"count":2,"href":"https:\/\/gonvel.net\/index.php\/wp-json\/wp\/v2\/pages\/87\/revisions"}],"predecessor-version":[{"id":137,"href":"https:\/\/gonvel.net\/index.php\/wp-json\/wp\/v2\/pages\/87\/revisions\/137"}],"wp:attachment":[{"href":"https:\/\/gonvel.net\/index.php\/wp-json\/wp\/v2\/media?parent=87"}],"curies":[{"name":"wp","href":"https:\/\/api.w.org\/{rel}","templated":true}]}}