{"id":62,"date":"2026-02-17T13:18:48","date_gmt":"2026-02-17T13:18:48","guid":{"rendered":"https:\/\/gonvel.net\/?page_id=62"},"modified":"2026-02-19T16:46:21","modified_gmt":"2026-02-19T16:46:21","slug":"despacho","status":"publish","type":"page","link":"https:\/\/gonvel.net\/index.php\/despacho\/","title":{"rendered":"Despacho"},"content":{"rendered":"\n<div id=\"wp-block-themeisle-blocks-slider-3b44dc1d\" class=\"wp-block-themeisle-blocks-slider alignwide glide\" data-per-view=\"1\" data-gap=\"0\" data-peek=\"0\" data-autoplay=\"true\" data-height=\"400px\" data-hide-arrows=\"false\"><div class=\"glide__track\" data-glide-el=\"track\"><div class=\"glide__slides\"><div class=\"wp-block-themeisle-blocks-slider-item-wrapper glide__slide\" tabindex=\"0\"><figure><img decoding=\"async\" class=\"wp-block-themeisle-blocks-slider-item\" src=\"https:\/\/gonvel.net\/wp-content\/uploads\/2026\/02\/Galeria01-1.png\" alt=\"\" title=\"\" data-id=\"105\"\/><\/figure><\/div><div class=\"wp-block-themeisle-blocks-slider-item-wrapper glide__slide\" tabindex=\"0\"><figure><img decoding=\"async\" class=\"wp-block-themeisle-blocks-slider-item\" src=\"https:\/\/gonvel.net\/wp-content\/uploads\/2026\/02\/Galeria02-1.png\" alt=\"\" title=\"\" data-id=\"106\"\/><\/figure><\/div><div class=\"wp-block-themeisle-blocks-slider-item-wrapper glide__slide\" tabindex=\"0\"><figure><img decoding=\"async\" class=\"wp-block-themeisle-blocks-slider-item\" src=\"https:\/\/gonvel.net\/wp-content\/uploads\/2026\/02\/Galeria03-1.png\" alt=\"\" title=\"\" data-id=\"104\"\/><\/figure><\/div><div class=\"wp-block-themeisle-blocks-slider-item-wrapper glide__slide\" tabindex=\"0\"><figure><img decoding=\"async\" class=\"wp-block-themeisle-blocks-slider-item\" src=\"https:\/\/gonvel.net\/wp-content\/uploads\/2026\/02\/GV-Fachada-6-1.jpg\" alt=\"\" title=\"\" data-id=\"103\"\/><\/figure><\/div><\/div><div class=\"glide__bullets\" data-glide-el=\"controls[nav]\"><button class=\"glide__bullet\" data-glide-dir=\"=0\"><\/button><button class=\"glide__bullet\" data-glide-dir=\"=1\"><\/button><button class=\"glide__bullet\" data-glide-dir=\"=2\"><\/button><button class=\"glide__bullet\" data-glide-dir=\"=3\"><\/button><\/div><\/div><\/div>\n\n\n\n<p class=\"has-text-align-center\"><strong>Gonvel Abogados y Asesores Tributarios<\/strong> es una Firma de servicios profesionales <strong>especializada en el asesoramiento jur\u00eddico, fiscal, financiero y de administraci\u00f3n de empresas<\/strong>.<\/p>\n\n\n\n<div class=\"wp-block-group is-nowrap is-layout-flex wp-container-core-group-is-layout-6c531013 wp-block-group-is-layout-flex\">\n<figure class=\"wp-block-image size-full\"><img loading=\"lazy\" decoding=\"async\" width=\"660\" height=\"589\" src=\"https:\/\/gonvel.net\/wp-content\/uploads\/2026\/02\/Firma.png\" alt=\"\" class=\"wp-image-114\" srcset=\"https:\/\/gonvel.net\/wp-content\/uploads\/2026\/02\/Firma.png 660w, https:\/\/gonvel.net\/wp-content\/uploads\/2026\/02\/Firma-300x268.png 300w\" sizes=\"auto, (max-width: 660px) 100vw, 660px\" \/><\/figure>\n\n\n\n<p class=\"has-text-align-left\">Nuestra Firma est\u00e1 compuesta por <strong>profesionales<\/strong>, en su gran mayor\u00eda formados en <strong>Escuelas de Negocios de primer nivel<\/strong>, y con <strong>dilatada experiencia<\/strong> en servicios de asesoramiento adquirida en el desempe\u00f1o de la actividad profesional en <strong>empresas consultoras de \u00e1mbito internacional<\/strong>.<\/p>\n<\/div>\n\n\n\n<p class=\"has-text-align-center\">Las diferentes l\u00edneas de <strong>servicios profesionales<\/strong> en que se estructura nuestra actividad profesional, est\u00e1n organizadas por <strong>\u00e1reas de especializaci\u00f3n<\/strong>, alcanzando un <strong>servicio integral de asesoramiento al cliente y a la vez altamente especializado<\/strong> en funci\u00f3n de las necesidades de cada una de ellos.<\/p>\n\n\n\n<p class=\"has-text-align-center\">Confiamos en que, esta breve informaci\u00f3n, le proporcione una visi\u00f3n sobre nuestra Firma, sus servicios y profesionales. En caso de precisar mayor detalle, estamos a su disposici\u00f3n para ampliarle cuanta informaci\u00f3n pudiera ser de su inter\u00e9s.<\/p>\n","protected":false},"excerpt":{"rendered":"<p>Gonvel Abogados y Asesores Tributarios es una Firma de servicios profesionales especializada en el asesoramiento jur\u00eddico, fiscal, financiero y de administraci\u00f3n de empresas. Nuestra Firma est\u00e1 compuesta por profesionales, en su gran mayor\u00eda formados en Escuelas de Negocios de primer nivel, y con dilatada experiencia en servicios de asesoramiento adquirida en el desempe\u00f1o de la [&hellip;]<\/p>\n","protected":false},"author":1,"featured_media":0,"parent":0,"menu_order":0,"comment_status":"closed","ping_status":"closed","template":"","meta":{"_themeisle_gutenberg_block_has_review":false,"footnotes":""},"class_list":["post-62","page","type-page","status-publish","hentry"],"yoast_head":"<!-- This site is optimized with the Yoast SEO plugin v27.3 - https:\/\/yoast.com\/product\/yoast-seo-wordpress\/ -->\n<title>Despacho - GONVEL Abogados y Asesores Tributarios<\/title>\n<meta name=\"robots\" content=\"index, follow, max-snippet:-1, max-image-preview:large, max-video-preview:-1\" \/>\n<link rel=\"canonical\" href=\"https:\/\/gonvel.net\/index.php\/despacho\/\" \/>\n<meta property=\"og:locale\" content=\"es_ES\" \/>\n<meta property=\"og:type\" content=\"article\" \/>\n<meta property=\"og:title\" content=\"Despacho - GONVEL Abogados y Asesores Tributarios\" \/>\n<meta property=\"og:description\" content=\"Gonvel Abogados y Asesores Tributarios es una Firma de servicios profesionales especializada en el asesoramiento jur\u00eddico, fiscal, financiero y de administraci\u00f3n de empresas. Nuestra Firma est\u00e1 compuesta por profesionales, en su gran mayor\u00eda formados en Escuelas de Negocios de primer nivel, y con dilatada experiencia en servicios de asesoramiento adquirida en el desempe\u00f1o de la [&hellip;]\" \/>\n<meta property=\"og:url\" content=\"https:\/\/gonvel.net\/index.php\/despacho\/\" \/>\n<meta property=\"og:site_name\" content=\"GONVEL Abogados y Asesores Tributarios\" \/>\n<meta property=\"article:modified_time\" content=\"2026-02-19T16:46:21+00:00\" \/>\n<meta property=\"og:image\" content=\"https:\/\/gonvel.net\/wp-content\/uploads\/2026\/02\/Galeria01-1.png\" \/>\n<meta name=\"twitter:card\" content=\"summary_large_image\" \/>\n<meta name=\"twitter:label1\" content=\"Tiempo de lectura\" \/>\n\t<meta name=\"twitter:data1\" content=\"2 minutos\" \/>\n<script type=\"application\/ld+json\" class=\"yoast-schema-graph\">{\"@context\":\"https:\\\/\\\/schema.org\",\"@graph\":[{\"@type\":\"WebPage\",\"@id\":\"https:\\\/\\\/gonvel.net\\\/index.php\\\/despacho\\\/\",\"url\":\"https:\\\/\\\/gonvel.net\\\/index.php\\\/despacho\\\/\",\"name\":\"Despacho - GONVEL Abogados y Asesores Tributarios\",\"isPartOf\":{\"@id\":\"https:\\\/\\\/gonvel.net\\\/#website\"},\"primaryImageOfPage\":{\"@id\":\"https:\\\/\\\/gonvel.net\\\/index.php\\\/despacho\\\/#primaryimage\"},\"image\":{\"@id\":\"https:\\\/\\\/gonvel.net\\\/index.php\\\/despacho\\\/#primaryimage\"},\"thumbnailUrl\":\"https:\\\/\\\/gonvel.net\\\/wp-content\\\/uploads\\\/2026\\\/02\\\/Galeria01-1.png\",\"datePublished\":\"2026-02-17T13:18:48+00:00\",\"dateModified\":\"2026-02-19T16:46:21+00:00\",\"breadcrumb\":{\"@id\":\"https:\\\/\\\/gonvel.net\\\/index.php\\\/despacho\\\/#breadcrumb\"},\"inLanguage\":\"es\",\"potentialAction\":[{\"@type\":\"ReadAction\",\"target\":[\"https:\\\/\\\/gonvel.net\\\/index.php\\\/despacho\\\/\"]}]},{\"@type\":\"ImageObject\",\"inLanguage\":\"es\",\"@id\":\"https:\\\/\\\/gonvel.net\\\/index.php\\\/despacho\\\/#primaryimage\",\"url\":\"https:\\\/\\\/gonvel.net\\\/wp-content\\\/uploads\\\/2026\\\/02\\\/Galeria01-1.png\",\"contentUrl\":\"https:\\\/\\\/gonvel.net\\\/wp-content\\\/uploads\\\/2026\\\/02\\\/Galeria01-1.png\",\"width\":1536,\"height\":1024},{\"@type\":\"BreadcrumbList\",\"@id\":\"https:\\\/\\\/gonvel.net\\\/index.php\\\/despacho\\\/#breadcrumb\",\"itemListElement\":[{\"@type\":\"ListItem\",\"position\":1,\"name\":\"Portada\",\"item\":\"https:\\\/\\\/gonvel.net\\\/\"},{\"@type\":\"ListItem\",\"position\":2,\"name\":\"Despacho\"}]},{\"@type\":\"WebSite\",\"@id\":\"https:\\\/\\\/gonvel.net\\\/#website\",\"url\":\"https:\\\/\\\/gonvel.net\\\/\",\"name\":\"GONVEL Abogados y Asesores Tributarios\",\"description\":\"\",\"publisher\":{\"@id\":\"https:\\\/\\\/gonvel.net\\\/#organization\"},\"potentialAction\":[{\"@type\":\"SearchAction\",\"target\":{\"@type\":\"EntryPoint\",\"urlTemplate\":\"https:\\\/\\\/gonvel.net\\\/?s={search_term_string}\"},\"query-input\":{\"@type\":\"PropertyValueSpecification\",\"valueRequired\":true,\"valueName\":\"search_term_string\"}}],\"inLanguage\":\"es\"},{\"@type\":\"Organization\",\"@id\":\"https:\\\/\\\/gonvel.net\\\/#organization\",\"name\":\"GONVEL Abogados y Asesores Tributarios\",\"url\":\"https:\\\/\\\/gonvel.net\\\/\",\"logo\":{\"@type\":\"ImageObject\",\"inLanguage\":\"es\",\"@id\":\"https:\\\/\\\/gonvel.net\\\/#\\\/schema\\\/logo\\\/image\\\/\",\"url\":\"https:\\\/\\\/gonvel.net\\\/wp-content\\\/uploads\\\/2026\\\/01\\\/logo-inicio.jpg\",\"contentUrl\":\"https:\\\/\\\/gonvel.net\\\/wp-content\\\/uploads\\\/2026\\\/01\\\/logo-inicio.jpg\",\"width\":449,\"height\":305,\"caption\":\"GONVEL Abogados y Asesores Tributarios\"},\"image\":{\"@id\":\"https:\\\/\\\/gonvel.net\\\/#\\\/schema\\\/logo\\\/image\\\/\"}}]}<\/script>\n<!-- \/ Yoast SEO plugin. -->","yoast_head_json":{"title":"Despacho - GONVEL Abogados y Asesores Tributarios","robots":{"index":"index","follow":"follow","max-snippet":"max-snippet:-1","max-image-preview":"max-image-preview:large","max-video-preview":"max-video-preview:-1"},"canonical":"https:\/\/gonvel.net\/index.php\/despacho\/","og_locale":"es_ES","og_type":"article","og_title":"Despacho - GONVEL Abogados y Asesores Tributarios","og_description":"Gonvel Abogados y Asesores Tributarios es una Firma de servicios profesionales especializada en el asesoramiento jur\u00eddico, fiscal, financiero y de administraci\u00f3n de empresas. Nuestra Firma est\u00e1 compuesta por profesionales, en su gran mayor\u00eda formados en Escuelas de Negocios de primer nivel, y con dilatada experiencia en servicios de asesoramiento adquirida en el desempe\u00f1o de la [&hellip;]","og_url":"https:\/\/gonvel.net\/index.php\/despacho\/","og_site_name":"GONVEL Abogados y Asesores Tributarios","article_modified_time":"2026-02-19T16:46:21+00:00","og_image":[{"url":"https:\/\/gonvel.net\/wp-content\/uploads\/2026\/02\/Galeria01-1.png","type":"","width":"","height":""}],"twitter_card":"summary_large_image","twitter_misc":{"Tiempo de lectura":"2 minutos"},"schema":{"@context":"https:\/\/schema.org","@graph":[{"@type":"WebPage","@id":"https:\/\/gonvel.net\/index.php\/despacho\/","url":"https:\/\/gonvel.net\/index.php\/despacho\/","name":"Despacho - GONVEL Abogados y Asesores Tributarios","isPartOf":{"@id":"https:\/\/gonvel.net\/#website"},"primaryImageOfPage":{"@id":"https:\/\/gonvel.net\/index.php\/despacho\/#primaryimage"},"image":{"@id":"https:\/\/gonvel.net\/index.php\/despacho\/#primaryimage"},"thumbnailUrl":"https:\/\/gonvel.net\/wp-content\/uploads\/2026\/02\/Galeria01-1.png","datePublished":"2026-02-17T13:18:48+00:00","dateModified":"2026-02-19T16:46:21+00:00","breadcrumb":{"@id":"https:\/\/gonvel.net\/index.php\/despacho\/#breadcrumb"},"inLanguage":"es","potentialAction":[{"@type":"ReadAction","target":["https:\/\/gonvel.net\/index.php\/despacho\/"]}]},{"@type":"ImageObject","inLanguage":"es","@id":"https:\/\/gonvel.net\/index.php\/despacho\/#primaryimage","url":"https:\/\/gonvel.net\/wp-content\/uploads\/2026\/02\/Galeria01-1.png","contentUrl":"https:\/\/gonvel.net\/wp-content\/uploads\/2026\/02\/Galeria01-1.png","width":1536,"height":1024},{"@type":"BreadcrumbList","@id":"https:\/\/gonvel.net\/index.php\/despacho\/#breadcrumb","itemListElement":[{"@type":"ListItem","position":1,"name":"Portada","item":"https:\/\/gonvel.net\/"},{"@type":"ListItem","position":2,"name":"Despacho"}]},{"@type":"WebSite","@id":"https:\/\/gonvel.net\/#website","url":"https:\/\/gonvel.net\/","name":"GONVEL Abogados y Asesores Tributarios","description":"","publisher":{"@id":"https:\/\/gonvel.net\/#organization"},"potentialAction":[{"@type":"SearchAction","target":{"@type":"EntryPoint","urlTemplate":"https:\/\/gonvel.net\/?s={search_term_string}"},"query-input":{"@type":"PropertyValueSpecification","valueRequired":true,"valueName":"search_term_string"}}],"inLanguage":"es"},{"@type":"Organization","@id":"https:\/\/gonvel.net\/#organization","name":"GONVEL Abogados y Asesores Tributarios","url":"https:\/\/gonvel.net\/","logo":{"@type":"ImageObject","inLanguage":"es","@id":"https:\/\/gonvel.net\/#\/schema\/logo\/image\/","url":"https:\/\/gonvel.net\/wp-content\/uploads\/2026\/01\/logo-inicio.jpg","contentUrl":"https:\/\/gonvel.net\/wp-content\/uploads\/2026\/01\/logo-inicio.jpg","width":449,"height":305,"caption":"GONVEL Abogados y Asesores Tributarios"},"image":{"@id":"https:\/\/gonvel.net\/#\/schema\/logo\/image\/"}}]}},"_links":{"self":[{"href":"https:\/\/gonvel.net\/index.php\/wp-json\/wp\/v2\/pages\/62","targetHints":{"allow":["GET"]}}],"collection":[{"href":"https:\/\/gonvel.net\/index.php\/wp-json\/wp\/v2\/pages"}],"about":[{"href":"https:\/\/gonvel.net\/index.php\/wp-json\/wp\/v2\/types\/page"}],"author":[{"embeddable":true,"href":"https:\/\/gonvel.net\/index.php\/wp-json\/wp\/v2\/users\/1"}],"replies":[{"embeddable":true,"href":"https:\/\/gonvel.net\/index.php\/wp-json\/wp\/v2\/comments?post=62"}],"version-history":[{"count":13,"href":"https:\/\/gonvel.net\/index.php\/wp-json\/wp\/v2\/pages\/62\/revisions"}],"predecessor-version":[{"id":157,"href":"https:\/\/gonvel.net\/index.php\/wp-json\/wp\/v2\/pages\/62\/revisions\/157"}],"wp:attachment":[{"href":"https:\/\/gonvel.net\/index.php\/wp-json\/wp\/v2\/media?parent=62"}],"curies":[{"name":"wp","href":"https:\/\/api.w.org\/{rel}","templated":true}]}}