{"id":58,"date":"2026-02-17T13:13:55","date_gmt":"2026-02-17T13:13:55","guid":{"rendered":"https:\/\/gonvel.net\/?page_id=58"},"modified":"2026-02-19T13:30:31","modified_gmt":"2026-02-19T13:30:31","slug":"areas","status":"publish","type":"page","link":"https:\/\/gonvel.net\/index.php\/areas\/","title":{"rendered":"\u00c1reas"},"content":{"rendered":"\n<figure class=\"wp-block-gallery has-nested-images columns-default is-cropped wp-block-gallery-1 is-layout-flex wp-block-gallery-is-layout-flex\">\n<figure class=\"wp-block-image size-large\"><a href=\"https:\/\/gonvel.net\/index.php\/fiscal\/\" target=\"_blank\" rel=\" noreferrer noopener\"><img loading=\"lazy\" decoding=\"async\" width=\"427\" height=\"448\" data-id=\"122\" src=\"https:\/\/gonvel.net\/wp-content\/uploads\/2026\/02\/Fiscal.png\" alt=\"\" class=\"wp-image-122\" srcset=\"https:\/\/gonvel.net\/wp-content\/uploads\/2026\/02\/Fiscal.png 427w, https:\/\/gonvel.net\/wp-content\/uploads\/2026\/02\/Fiscal-286x300.png 286w\" sizes=\"auto, (max-width: 427px) 100vw, 427px\" \/><\/a><\/figure>\n\n\n\n<figure class=\"wp-block-image size-large\"><img loading=\"lazy\" decoding=\"async\" width=\"1024\" height=\"1024\" data-id=\"134\" src=\"https:\/\/gonvel.net\/wp-content\/uploads\/2026\/02\/areaspractica.png\" alt=\"\" class=\"wp-image-134\" srcset=\"https:\/\/gonvel.net\/wp-content\/uploads\/2026\/02\/areaspractica.png 1024w, https:\/\/gonvel.net\/wp-content\/uploads\/2026\/02\/areaspractica-300x300.png 300w, https:\/\/gonvel.net\/wp-content\/uploads\/2026\/02\/areaspractica-150x150.png 150w, https:\/\/gonvel.net\/wp-content\/uploads\/2026\/02\/areaspractica-768x768.png 768w\" sizes=\"auto, (max-width: 1024px) 100vw, 1024px\" \/><\/figure>\n\n\n\n<figure class=\"wp-block-image size-large\"><a href=\"https:\/\/gonvel.net\/index.php\/juridico\/\" target=\"_blank\" rel=\" noreferrer noopener\"><img loading=\"lazy\" decoding=\"async\" width=\"429\" height=\"454\" data-id=\"121\" src=\"https:\/\/gonvel.net\/wp-content\/uploads\/2026\/02\/Juridico.png\" alt=\"\" class=\"wp-image-121\" srcset=\"https:\/\/gonvel.net\/wp-content\/uploads\/2026\/02\/Juridico.png 429w, https:\/\/gonvel.net\/wp-content\/uploads\/2026\/02\/Juridico-283x300.png 283w\" sizes=\"auto, (max-width: 429px) 100vw, 429px\" \/><\/a><\/figure>\n\n\n\n<figure class=\"wp-block-image size-large is-style-default\"><a href=\"https:\/\/gonvel.net\/index.php\/empresas\/\" target=\"_blank\" rel=\" noreferrer noopener\"><img loading=\"lazy\" decoding=\"async\" width=\"460\" height=\"471\" data-id=\"119\" src=\"https:\/\/gonvel.net\/wp-content\/uploads\/2026\/02\/Empresas.png\" alt=\"\" class=\"wp-image-119\" srcset=\"https:\/\/gonvel.net\/wp-content\/uploads\/2026\/02\/Empresas.png 460w, https:\/\/gonvel.net\/wp-content\/uploads\/2026\/02\/Empresas-293x300.png 293w\" sizes=\"auto, (max-width: 460px) 100vw, 460px\" \/><\/a><\/figure>\n\n\n\n<figure class=\"wp-block-image size-large\"><a href=\"https:\/\/gonvel.net\/index.php\/concursal\/\" target=\"_blank\" rel=\" noreferrer noopener\"><img loading=\"lazy\" decoding=\"async\" width=\"446\" height=\"464\" data-id=\"120\" src=\"https:\/\/gonvel.net\/wp-content\/uploads\/2026\/02\/Concursal.png\" alt=\"\" class=\"wp-image-120\" srcset=\"https:\/\/gonvel.net\/wp-content\/uploads\/2026\/02\/Concursal.png 446w, https:\/\/gonvel.net\/wp-content\/uploads\/2026\/02\/Concursal-288x300.png 288w\" sizes=\"auto, (max-width: 446px) 100vw, 446px\" \/><\/a><\/figure>\n\n\n\n<figure class=\"wp-block-image size-large\"><a href=\"https:\/\/gonvel.net\/index.php\/fusiones\/\" target=\"_blank\" rel=\" noreferrer noopener\"><img loading=\"lazy\" decoding=\"async\" width=\"439\" height=\"461\" data-id=\"123\" src=\"https:\/\/gonvel.net\/wp-content\/uploads\/2026\/02\/Fusiones.png\" alt=\"\" class=\"wp-image-123\" srcset=\"https:\/\/gonvel.net\/wp-content\/uploads\/2026\/02\/Fusiones.png 439w, https:\/\/gonvel.net\/wp-content\/uploads\/2026\/02\/Fusiones-286x300.png 286w\" sizes=\"auto, (max-width: 439px) 100vw, 439px\" \/><\/a><\/figure>\n<\/figure>\n\n\n\n<p class=\"has-text-align-center\"><em><strong><mark style=\"background-color:#d4ed4e\" class=\"has-inline-color\">Por favor toque o haga \u00abclick\u00bb para m\u00e1s informaci\u00f3n en el \u00e1rea de su inter\u00e9s<\/mark><\/strong><\/em><\/p>\n\n\n\n<div class=\"wp-block-themeisle-blocks-modal\"><\/div>\n\n\n\n<div class=\"wp-block-themeisle-blocks-modal\"><\/div>\n\n\n\n<p><\/p>\n","protected":false},"excerpt":{"rendered":"<p>Por favor toque o haga \u00abclick\u00bb para m\u00e1s informaci\u00f3n en el \u00e1rea de su inter\u00e9s<\/p>\n","protected":false},"author":1,"featured_media":0,"parent":0,"menu_order":0,"comment_status":"closed","ping_status":"closed","template":"","meta":{"_themeisle_gutenberg_block_has_review":false,"footnotes":""},"class_list":["post-58","page","type-page","status-publish","hentry"],"yoast_head":"<!-- This site is optimized with the Yoast SEO plugin v27.3 - https:\/\/yoast.com\/product\/yoast-seo-wordpress\/ -->\n<title>\u00c1reas - GONVEL Abogados y Asesores Tributarios<\/title>\n<meta name=\"robots\" content=\"index, follow, max-snippet:-1, max-image-preview:large, max-video-preview:-1\" \/>\n<link rel=\"canonical\" href=\"https:\/\/gonvel.net\/index.php\/areas\/\" \/>\n<meta property=\"og:locale\" content=\"es_ES\" \/>\n<meta property=\"og:type\" content=\"article\" \/>\n<meta property=\"og:title\" content=\"\u00c1reas - GONVEL Abogados y Asesores Tributarios\" \/>\n<meta property=\"og:description\" content=\"Por favor toque o haga \u00abclick\u00bb para m\u00e1s informaci\u00f3n en el \u00e1rea de su inter\u00e9s\" \/>\n<meta property=\"og:url\" content=\"https:\/\/gonvel.net\/index.php\/areas\/\" \/>\n<meta property=\"og:site_name\" content=\"GONVEL Abogados y Asesores Tributarios\" \/>\n<meta property=\"article:modified_time\" content=\"2026-02-19T13:30:31+00:00\" \/>\n<meta property=\"og:image\" content=\"https:\/\/gonvel.net\/wp-content\/uploads\/2026\/02\/Fiscal.png\" \/>\n\t<meta property=\"og:image:width\" content=\"427\" \/>\n\t<meta property=\"og:image:height\" content=\"448\" \/>\n\t<meta property=\"og:image:type\" content=\"image\/png\" \/>\n<meta name=\"twitter:card\" content=\"summary_large_image\" \/>\n<meta name=\"twitter:label1\" content=\"Tiempo de lectura\" \/>\n\t<meta name=\"twitter:data1\" content=\"2 minutos\" \/>\n<script type=\"application\/ld+json\" class=\"yoast-schema-graph\">{\"@context\":\"https:\\\/\\\/schema.org\",\"@graph\":[{\"@type\":\"WebPage\",\"@id\":\"https:\\\/\\\/gonvel.net\\\/index.php\\\/areas\\\/\",\"url\":\"https:\\\/\\\/gonvel.net\\\/index.php\\\/areas\\\/\",\"name\":\"\u00c1reas - GONVEL Abogados y Asesores Tributarios\",\"isPartOf\":{\"@id\":\"https:\\\/\\\/gonvel.net\\\/#website\"},\"primaryImageOfPage\":{\"@id\":\"https:\\\/\\\/gonvel.net\\\/index.php\\\/areas\\\/#primaryimage\"},\"image\":{\"@id\":\"https:\\\/\\\/gonvel.net\\\/index.php\\\/areas\\\/#primaryimage\"},\"thumbnailUrl\":\"https:\\\/\\\/gonvel.net\\\/wp-content\\\/uploads\\\/2026\\\/02\\\/Fiscal.png\",\"datePublished\":\"2026-02-17T13:13:55+00:00\",\"dateModified\":\"2026-02-19T13:30:31+00:00\",\"breadcrumb\":{\"@id\":\"https:\\\/\\\/gonvel.net\\\/index.php\\\/areas\\\/#breadcrumb\"},\"inLanguage\":\"es\",\"potentialAction\":[{\"@type\":\"ReadAction\",\"target\":[\"https:\\\/\\\/gonvel.net\\\/index.php\\\/areas\\\/\"]}]},{\"@type\":\"ImageObject\",\"inLanguage\":\"es\",\"@id\":\"https:\\\/\\\/gonvel.net\\\/index.php\\\/areas\\\/#primaryimage\",\"url\":\"https:\\\/\\\/gonvel.net\\\/wp-content\\\/uploads\\\/2026\\\/02\\\/Fiscal.png\",\"contentUrl\":\"https:\\\/\\\/gonvel.net\\\/wp-content\\\/uploads\\\/2026\\\/02\\\/Fiscal.png\",\"width\":427,\"height\":448},{\"@type\":\"BreadcrumbList\",\"@id\":\"https:\\\/\\\/gonvel.net\\\/index.php\\\/areas\\\/#breadcrumb\",\"itemListElement\":[{\"@type\":\"ListItem\",\"position\":1,\"name\":\"Portada\",\"item\":\"https:\\\/\\\/gonvel.net\\\/\"},{\"@type\":\"ListItem\",\"position\":2,\"name\":\"\u00c1reas\"}]},{\"@type\":\"WebSite\",\"@id\":\"https:\\\/\\\/gonvel.net\\\/#website\",\"url\":\"https:\\\/\\\/gonvel.net\\\/\",\"name\":\"GONVEL Abogados y Asesores Tributarios\",\"description\":\"\",\"publisher\":{\"@id\":\"https:\\\/\\\/gonvel.net\\\/#organization\"},\"potentialAction\":[{\"@type\":\"SearchAction\",\"target\":{\"@type\":\"EntryPoint\",\"urlTemplate\":\"https:\\\/\\\/gonvel.net\\\/?s={search_term_string}\"},\"query-input\":{\"@type\":\"PropertyValueSpecification\",\"valueRequired\":true,\"valueName\":\"search_term_string\"}}],\"inLanguage\":\"es\"},{\"@type\":\"Organization\",\"@id\":\"https:\\\/\\\/gonvel.net\\\/#organization\",\"name\":\"GONVEL Abogados y Asesores Tributarios\",\"url\":\"https:\\\/\\\/gonvel.net\\\/\",\"logo\":{\"@type\":\"ImageObject\",\"inLanguage\":\"es\",\"@id\":\"https:\\\/\\\/gonvel.net\\\/#\\\/schema\\\/logo\\\/image\\\/\",\"url\":\"https:\\\/\\\/gonvel.net\\\/wp-content\\\/uploads\\\/2026\\\/01\\\/logo-inicio.jpg\",\"contentUrl\":\"https:\\\/\\\/gonvel.net\\\/wp-content\\\/uploads\\\/2026\\\/01\\\/logo-inicio.jpg\",\"width\":449,\"height\":305,\"caption\":\"GONVEL Abogados y Asesores Tributarios\"},\"image\":{\"@id\":\"https:\\\/\\\/gonvel.net\\\/#\\\/schema\\\/logo\\\/image\\\/\"}}]}<\/script>\n<!-- \/ Yoast SEO plugin. -->","yoast_head_json":{"title":"\u00c1reas - GONVEL Abogados y Asesores Tributarios","robots":{"index":"index","follow":"follow","max-snippet":"max-snippet:-1","max-image-preview":"max-image-preview:large","max-video-preview":"max-video-preview:-1"},"canonical":"https:\/\/gonvel.net\/index.php\/areas\/","og_locale":"es_ES","og_type":"article","og_title":"\u00c1reas - GONVEL Abogados y Asesores Tributarios","og_description":"Por favor toque o haga \u00abclick\u00bb para m\u00e1s informaci\u00f3n en el \u00e1rea de su inter\u00e9s","og_url":"https:\/\/gonvel.net\/index.php\/areas\/","og_site_name":"GONVEL Abogados y Asesores Tributarios","article_modified_time":"2026-02-19T13:30:31+00:00","og_image":[{"width":427,"height":448,"url":"https:\/\/gonvel.net\/wp-content\/uploads\/2026\/02\/Fiscal.png","type":"image\/png"}],"twitter_card":"summary_large_image","twitter_misc":{"Tiempo de lectura":"2 minutos"},"schema":{"@context":"https:\/\/schema.org","@graph":[{"@type":"WebPage","@id":"https:\/\/gonvel.net\/index.php\/areas\/","url":"https:\/\/gonvel.net\/index.php\/areas\/","name":"\u00c1reas - GONVEL Abogados y Asesores Tributarios","isPartOf":{"@id":"https:\/\/gonvel.net\/#website"},"primaryImageOfPage":{"@id":"https:\/\/gonvel.net\/index.php\/areas\/#primaryimage"},"image":{"@id":"https:\/\/gonvel.net\/index.php\/areas\/#primaryimage"},"thumbnailUrl":"https:\/\/gonvel.net\/wp-content\/uploads\/2026\/02\/Fiscal.png","datePublished":"2026-02-17T13:13:55+00:00","dateModified":"2026-02-19T13:30:31+00:00","breadcrumb":{"@id":"https:\/\/gonvel.net\/index.php\/areas\/#breadcrumb"},"inLanguage":"es","potentialAction":[{"@type":"ReadAction","target":["https:\/\/gonvel.net\/index.php\/areas\/"]}]},{"@type":"ImageObject","inLanguage":"es","@id":"https:\/\/gonvel.net\/index.php\/areas\/#primaryimage","url":"https:\/\/gonvel.net\/wp-content\/uploads\/2026\/02\/Fiscal.png","contentUrl":"https:\/\/gonvel.net\/wp-content\/uploads\/2026\/02\/Fiscal.png","width":427,"height":448},{"@type":"BreadcrumbList","@id":"https:\/\/gonvel.net\/index.php\/areas\/#breadcrumb","itemListElement":[{"@type":"ListItem","position":1,"name":"Portada","item":"https:\/\/gonvel.net\/"},{"@type":"ListItem","position":2,"name":"\u00c1reas"}]},{"@type":"WebSite","@id":"https:\/\/gonvel.net\/#website","url":"https:\/\/gonvel.net\/","name":"GONVEL Abogados y Asesores Tributarios","description":"","publisher":{"@id":"https:\/\/gonvel.net\/#organization"},"potentialAction":[{"@type":"SearchAction","target":{"@type":"EntryPoint","urlTemplate":"https:\/\/gonvel.net\/?s={search_term_string}"},"query-input":{"@type":"PropertyValueSpecification","valueRequired":true,"valueName":"search_term_string"}}],"inLanguage":"es"},{"@type":"Organization","@id":"https:\/\/gonvel.net\/#organization","name":"GONVEL Abogados y Asesores Tributarios","url":"https:\/\/gonvel.net\/","logo":{"@type":"ImageObject","inLanguage":"es","@id":"https:\/\/gonvel.net\/#\/schema\/logo\/image\/","url":"https:\/\/gonvel.net\/wp-content\/uploads\/2026\/01\/logo-inicio.jpg","contentUrl":"https:\/\/gonvel.net\/wp-content\/uploads\/2026\/01\/logo-inicio.jpg","width":449,"height":305,"caption":"GONVEL Abogados y Asesores Tributarios"},"image":{"@id":"https:\/\/gonvel.net\/#\/schema\/logo\/image\/"}}]}},"_links":{"self":[{"href":"https:\/\/gonvel.net\/index.php\/wp-json\/wp\/v2\/pages\/58","targetHints":{"allow":["GET"]}}],"collection":[{"href":"https:\/\/gonvel.net\/index.php\/wp-json\/wp\/v2\/pages"}],"about":[{"href":"https:\/\/gonvel.net\/index.php\/wp-json\/wp\/v2\/types\/page"}],"author":[{"embeddable":true,"href":"https:\/\/gonvel.net\/index.php\/wp-json\/wp\/v2\/users\/1"}],"replies":[{"embeddable":true,"href":"https:\/\/gonvel.net\/index.php\/wp-json\/wp\/v2\/comments?post=58"}],"version-history":[{"count":12,"href":"https:\/\/gonvel.net\/index.php\/wp-json\/wp\/v2\/pages\/58\/revisions"}],"predecessor-version":[{"id":152,"href":"https:\/\/gonvel.net\/index.php\/wp-json\/wp\/v2\/pages\/58\/revisions\/152"}],"wp:attachment":[{"href":"https:\/\/gonvel.net\/index.php\/wp-json\/wp\/v2\/media?parent=58"}],"curies":[{"name":"wp","href":"https:\/\/api.w.org\/{rel}","templated":true}]}}