{"id":56,"date":"2026-02-17T13:13:07","date_gmt":"2026-02-17T13:13:07","guid":{"rendered":"https:\/\/gonvel.net\/?page_id=56"},"modified":"2026-02-20T13:49:47","modified_gmt":"2026-02-20T13:49:47","slug":"profesionales","status":"publish","type":"page","link":"https:\/\/gonvel.net\/index.php\/profesionales\/","title":{"rendered":"Profesionales"},"content":{"rendered":"\n<h2 class=\"wp-block-heading alignwide has-text-align-center\">Nuestros Profesionales<\/h2>\n\n\n\n<p class=\"has-text-align-center\">Toque o haga \u00abclick\u00bb para mas informaci\u00f3n<\/p>\n\n\n\n<figure class=\"wp-block-gallery alignwide has-nested-images columns-default is-cropped wp-block-gallery-1 is-layout-flex wp-block-gallery-is-layout-flex\">\n<figure class=\"wp-block-image size-large is-style-default\"><a href=\"https:\/\/gonvel.net\/index.php\/jesus-gonzalez-molino-cv\/https:\/\/gonvel.net\/index.php\/jesus-gonzalez-molino-cv\/\" target=\"_blank\" rel=\" noreferrer noopener\"><img loading=\"lazy\" decoding=\"async\" width=\"768\" height=\"1024\" data-id=\"179\" src=\"https:\/\/gonvel.net\/wp-content\/uploads\/2026\/02\/JESUS-BSE-web-768x1024.jpg\" alt=\"\" class=\"wp-image-179\" srcset=\"https:\/\/gonvel.net\/wp-content\/uploads\/2026\/02\/JESUS-BSE-web-768x1024.jpg 768w, https:\/\/gonvel.net\/wp-content\/uploads\/2026\/02\/JESUS-BSE-web-225x300.jpg 225w, https:\/\/gonvel.net\/wp-content\/uploads\/2026\/02\/JESUS-BSE-web-1152x1536.jpg 1152w, https:\/\/gonvel.net\/wp-content\/uploads\/2026\/02\/JESUS-BSE-web-1536x2048.jpg 1536w, https:\/\/gonvel.net\/wp-content\/uploads\/2026\/02\/JESUS-BSE-web.jpg 1772w\" sizes=\"auto, (max-width: 768px) 100vw, 768px\" \/><\/a><figcaption class=\"wp-element-caption\">Jes\u00fas Gonz\u00e1lez Molino<\/figcaption><\/figure>\n\n\n\n<figure class=\"wp-block-image size-large\"><a href=\"https:\/\/gonvel.net\/index.php\/francisco-velasco-cobalea-cv\/\" target=\"_blank\" rel=\" noreferrer noopener\"><img loading=\"lazy\" decoding=\"async\" width=\"768\" height=\"1024\" data-id=\"174\" src=\"https:\/\/gonvel.net\/wp-content\/uploads\/2026\/02\/FRANCISCO-BSE-web-768x1024.jpg\" alt=\"\" class=\"wp-image-174\" srcset=\"https:\/\/gonvel.net\/wp-content\/uploads\/2026\/02\/FRANCISCO-BSE-web-768x1024.jpg 768w, https:\/\/gonvel.net\/wp-content\/uploads\/2026\/02\/FRANCISCO-BSE-web-225x300.jpg 225w, https:\/\/gonvel.net\/wp-content\/uploads\/2026\/02\/FRANCISCO-BSE-web-1152x1536.jpg 1152w, https:\/\/gonvel.net\/wp-content\/uploads\/2026\/02\/FRANCISCO-BSE-web-1536x2048.jpg 1536w, https:\/\/gonvel.net\/wp-content\/uploads\/2026\/02\/FRANCISCO-BSE-web.jpg 1772w\" sizes=\"auto, (max-width: 768px) 100vw, 768px\" \/><\/a><figcaption class=\"wp-element-caption\">Francisco Velasco Cobalea<\/figcaption><\/figure>\n\n\n\n<figure class=\"wp-block-image size-large\"><a href=\"https:\/\/gonvel.net\/index.php\/antonio-jesus-franco-sanchez-cv\/\" target=\"_blank\" rel=\" noreferrer noopener\"><img loading=\"lazy\" decoding=\"async\" width=\"768\" height=\"1024\" data-id=\"177\" src=\"https:\/\/gonvel.net\/wp-content\/uploads\/2026\/02\/ANTONIO-JESUS-BSE-web-768x1024.jpg\" alt=\"\" class=\"wp-image-177\" srcset=\"https:\/\/gonvel.net\/wp-content\/uploads\/2026\/02\/ANTONIO-JESUS-BSE-web-768x1024.jpg 768w, https:\/\/gonvel.net\/wp-content\/uploads\/2026\/02\/ANTONIO-JESUS-BSE-web-225x300.jpg 225w, https:\/\/gonvel.net\/wp-content\/uploads\/2026\/02\/ANTONIO-JESUS-BSE-web-1152x1536.jpg 1152w, https:\/\/gonvel.net\/wp-content\/uploads\/2026\/02\/ANTONIO-JESUS-BSE-web-1536x2048.jpg 1536w, https:\/\/gonvel.net\/wp-content\/uploads\/2026\/02\/ANTONIO-JESUS-BSE-web.jpg 1772w\" sizes=\"auto, (max-width: 768px) 100vw, 768px\" \/><\/a><figcaption class=\"wp-element-caption\">Antonio Jes\u00fas Franco S\u00e1nchez<\/figcaption><\/figure>\n\n\n\n<figure class=\"wp-block-image size-large\"><a href=\"https:\/\/gonvel.net\/index.php\/jessica-kamph-cv\/\" target=\"_blank\" rel=\" noreferrer noopener\"><img loading=\"lazy\" decoding=\"async\" width=\"768\" height=\"1024\" data-id=\"176\" src=\"https:\/\/gonvel.net\/wp-content\/uploads\/2026\/02\/JESSICA-BSE-web-768x1024.jpg\" alt=\"\" class=\"wp-image-176\" srcset=\"https:\/\/gonvel.net\/wp-content\/uploads\/2026\/02\/JESSICA-BSE-web-768x1024.jpg 768w, https:\/\/gonvel.net\/wp-content\/uploads\/2026\/02\/JESSICA-BSE-web-225x300.jpg 225w, https:\/\/gonvel.net\/wp-content\/uploads\/2026\/02\/JESSICA-BSE-web-1152x1536.jpg 1152w, https:\/\/gonvel.net\/wp-content\/uploads\/2026\/02\/JESSICA-BSE-web-1536x2048.jpg 1536w, https:\/\/gonvel.net\/wp-content\/uploads\/2026\/02\/JESSICA-BSE-web.jpg 1772w\" sizes=\"auto, (max-width: 768px) 100vw, 768px\" \/><\/a><figcaption class=\"wp-element-caption\">Jessica Kamph<\/figcaption><\/figure>\n\n\n\n<figure class=\"wp-block-image size-large\"><a href=\"https:\/\/gonvel.net\/index.php\/jose-alcala-caffarena-cv\/\" target=\"_blank\" rel=\" noreferrer noopener\"><img loading=\"lazy\" decoding=\"async\" width=\"768\" height=\"1024\" data-id=\"169\" src=\"https:\/\/gonvel.net\/wp-content\/uploads\/2026\/02\/JOSE-BSE-web-768x1024.jpg\" alt=\"\" class=\"wp-image-169\" srcset=\"https:\/\/gonvel.net\/wp-content\/uploads\/2026\/02\/JOSE-BSE-web-768x1024.jpg 768w, https:\/\/gonvel.net\/wp-content\/uploads\/2026\/02\/JOSE-BSE-web-225x300.jpg 225w, https:\/\/gonvel.net\/wp-content\/uploads\/2026\/02\/JOSE-BSE-web-1152x1536.jpg 1152w, https:\/\/gonvel.net\/wp-content\/uploads\/2026\/02\/JOSE-BSE-web-1536x2048.jpg 1536w, https:\/\/gonvel.net\/wp-content\/uploads\/2026\/02\/JOSE-BSE-web.jpg 1772w\" sizes=\"auto, (max-width: 768px) 100vw, 768px\" \/><\/a><figcaption class=\"wp-element-caption\">Jos\u00e9 Alcal\u00e1 Caffarena<\/figcaption><\/figure>\n\n\n\n<figure class=\"wp-block-image size-large\"><a href=\"https:\/\/gonvel.net\/index.php\/raul-perez-arevalo-cv\/\" target=\"_blank\" rel=\" noreferrer noopener\"><img loading=\"lazy\" decoding=\"async\" width=\"768\" height=\"1024\" data-id=\"182\" src=\"https:\/\/gonvel.net\/wp-content\/uploads\/2026\/02\/RAUL-BSE2-768x1024.jpg\" alt=\"\" class=\"wp-image-182\" srcset=\"https:\/\/gonvel.net\/wp-content\/uploads\/2026\/02\/RAUL-BSE2-768x1024.jpg 768w, https:\/\/gonvel.net\/wp-content\/uploads\/2026\/02\/RAUL-BSE2-225x300.jpg 225w, https:\/\/gonvel.net\/wp-content\/uploads\/2026\/02\/RAUL-BSE2-1152x1536.jpg 1152w, https:\/\/gonvel.net\/wp-content\/uploads\/2026\/02\/RAUL-BSE2-1536x2048.jpg 1536w, https:\/\/gonvel.net\/wp-content\/uploads\/2026\/02\/RAUL-BSE2.jpg 1772w\" sizes=\"auto, (max-width: 768px) 100vw, 768px\" \/><\/a><figcaption class=\"wp-element-caption\">Ra\u00fal P\u00e9rez Ar\u00e9valo<\/figcaption><\/figure>\n\n\n\n<figure class=\"wp-block-image size-large\"><a href=\"https:\/\/gonvel.net\/index.php\/julio-reyes-benitez-cv\/\" target=\"_blank\" rel=\" noreferrer noopener\"><img loading=\"lazy\" decoding=\"async\" width=\"768\" height=\"1024\" data-id=\"171\" src=\"https:\/\/gonvel.net\/wp-content\/uploads\/2026\/02\/JULIO-BSE-web-768x1024.jpg\" alt=\"\" class=\"wp-image-171\" srcset=\"https:\/\/gonvel.net\/wp-content\/uploads\/2026\/02\/JULIO-BSE-web-768x1024.jpg 768w, https:\/\/gonvel.net\/wp-content\/uploads\/2026\/02\/JULIO-BSE-web-225x300.jpg 225w, https:\/\/gonvel.net\/wp-content\/uploads\/2026\/02\/JULIO-BSE-web-1152x1536.jpg 1152w, https:\/\/gonvel.net\/wp-content\/uploads\/2026\/02\/JULIO-BSE-web-1536x2048.jpg 1536w, https:\/\/gonvel.net\/wp-content\/uploads\/2026\/02\/JULIO-BSE-web.jpg 1772w\" sizes=\"auto, (max-width: 768px) 100vw, 768px\" \/><\/a><figcaption class=\"wp-element-caption\">Julio Reyes Ben\u00edtez<\/figcaption><\/figure>\n\n\n\n<figure class=\"wp-block-image size-large\"><a href=\"https:\/\/gonvel.net\/index.php\/carlos-jesus-berrocal-regel-cv\/\" target=\"_blank\" rel=\" noreferrer noopener\"><img loading=\"lazy\" decoding=\"async\" width=\"768\" height=\"1024\" data-id=\"173\" src=\"https:\/\/gonvel.net\/wp-content\/uploads\/2026\/02\/CARLOS-JESUS-BSE-web-768x1024.jpg\" alt=\"\" class=\"wp-image-173\" srcset=\"https:\/\/gonvel.net\/wp-content\/uploads\/2026\/02\/CARLOS-JESUS-BSE-web-768x1024.jpg 768w, https:\/\/gonvel.net\/wp-content\/uploads\/2026\/02\/CARLOS-JESUS-BSE-web-225x300.jpg 225w, https:\/\/gonvel.net\/wp-content\/uploads\/2026\/02\/CARLOS-JESUS-BSE-web-1152x1536.jpg 1152w, https:\/\/gonvel.net\/wp-content\/uploads\/2026\/02\/CARLOS-JESUS-BSE-web-1536x2048.jpg 1536w, https:\/\/gonvel.net\/wp-content\/uploads\/2026\/02\/CARLOS-JESUS-BSE-web.jpg 1772w\" sizes=\"auto, (max-width: 768px) 100vw, 768px\" \/><\/a><figcaption class=\"wp-element-caption\">Carlos Jes\u00fas Berrocal Regel<\/figcaption><\/figure>\n\n\n\n<figure class=\"wp-block-image size-large\"><a href=\"https:\/\/gonvel.net\/index.php\/cristina-ramirez-torres-cv\/\" target=\"_blank\" rel=\" noreferrer noopener\"><img loading=\"lazy\" decoding=\"async\" width=\"768\" height=\"1024\" data-id=\"181\" src=\"https:\/\/gonvel.net\/wp-content\/uploads\/2026\/02\/CRISTINA-BSE-web-768x1024.jpg\" alt=\"\" class=\"wp-image-181\" srcset=\"https:\/\/gonvel.net\/wp-content\/uploads\/2026\/02\/CRISTINA-BSE-web-768x1024.jpg 768w, https:\/\/gonvel.net\/wp-content\/uploads\/2026\/02\/CRISTINA-BSE-web-225x300.jpg 225w, https:\/\/gonvel.net\/wp-content\/uploads\/2026\/02\/CRISTINA-BSE-web-1152x1536.jpg 1152w, https:\/\/gonvel.net\/wp-content\/uploads\/2026\/02\/CRISTINA-BSE-web-1536x2048.jpg 1536w, https:\/\/gonvel.net\/wp-content\/uploads\/2026\/02\/CRISTINA-BSE-web.jpg 1772w\" sizes=\"auto, (max-width: 768px) 100vw, 768px\" \/><\/a><figcaption class=\"wp-element-caption\">Cristina Ram\u00edrez Torres<\/figcaption><\/figure>\n\n\n\n<figure class=\"wp-block-image size-large\"><a href=\"https:\/\/gonvel.net\/index.php\/pedro-martin-sola-cv\/\" target=\"_blank\" rel=\" noreferrer noopener\"><img loading=\"lazy\" decoding=\"async\" width=\"768\" height=\"1024\" data-id=\"178\" src=\"https:\/\/gonvel.net\/wp-content\/uploads\/2026\/02\/PEDRO-BSE-web-768x1024.jpg\" alt=\"\" class=\"wp-image-178\" srcset=\"https:\/\/gonvel.net\/wp-content\/uploads\/2026\/02\/PEDRO-BSE-web-768x1024.jpg 768w, https:\/\/gonvel.net\/wp-content\/uploads\/2026\/02\/PEDRO-BSE-web-225x300.jpg 225w, https:\/\/gonvel.net\/wp-content\/uploads\/2026\/02\/PEDRO-BSE-web-1152x1536.jpg 1152w, https:\/\/gonvel.net\/wp-content\/uploads\/2026\/02\/PEDRO-BSE-web-1536x2048.jpg 1536w, https:\/\/gonvel.net\/wp-content\/uploads\/2026\/02\/PEDRO-BSE-web.jpg 1772w\" sizes=\"auto, (max-width: 768px) 100vw, 768px\" \/><\/a><figcaption class=\"wp-element-caption\">Pedro Mart\u00edn Sola<\/figcaption><\/figure>\n\n\n\n<figure class=\"wp-block-image size-large\"><a href=\"https:\/\/gonvel.net\/index.php\/elena-arevalo-leon-cv\/\" target=\"_blank\" rel=\" noreferrer noopener\"><img loading=\"lazy\" decoding=\"async\" width=\"768\" height=\"1024\" data-id=\"170\" src=\"https:\/\/gonvel.net\/wp-content\/uploads\/2026\/02\/ELENA-BSE-web-768x1024.jpg\" alt=\"\" class=\"wp-image-170\" srcset=\"https:\/\/gonvel.net\/wp-content\/uploads\/2026\/02\/ELENA-BSE-web-768x1024.jpg 768w, https:\/\/gonvel.net\/wp-content\/uploads\/2026\/02\/ELENA-BSE-web-225x300.jpg 225w, https:\/\/gonvel.net\/wp-content\/uploads\/2026\/02\/ELENA-BSE-web-1152x1536.jpg 1152w, https:\/\/gonvel.net\/wp-content\/uploads\/2026\/02\/ELENA-BSE-web-1536x2048.jpg 1536w, https:\/\/gonvel.net\/wp-content\/uploads\/2026\/02\/ELENA-BSE-web.jpg 1772w\" sizes=\"auto, (max-width: 768px) 100vw, 768px\" \/><\/a><figcaption class=\"wp-element-caption\">Elena Ar\u00e9valo Le\u00f3n<\/figcaption><\/figure>\n\n\n\n<figure class=\"wp-block-image size-large\"><a href=\"https:\/\/gonvel.net\/index.php\/maria-fernandez-sobrin-cv\/\" target=\"_blank\" rel=\" noreferrer noopener\"><img loading=\"lazy\" decoding=\"async\" width=\"768\" height=\"1024\" data-id=\"175\" src=\"https:\/\/gonvel.net\/wp-content\/uploads\/2026\/02\/MARIA-BSE-web-768x1024.jpg\" alt=\"\" class=\"wp-image-175\" srcset=\"https:\/\/gonvel.net\/wp-content\/uploads\/2026\/02\/MARIA-BSE-web-768x1024.jpg 768w, https:\/\/gonvel.net\/wp-content\/uploads\/2026\/02\/MARIA-BSE-web-225x300.jpg 225w, https:\/\/gonvel.net\/wp-content\/uploads\/2026\/02\/MARIA-BSE-web-1152x1536.jpg 1152w, https:\/\/gonvel.net\/wp-content\/uploads\/2026\/02\/MARIA-BSE-web-1536x2048.jpg 1536w, https:\/\/gonvel.net\/wp-content\/uploads\/2026\/02\/MARIA-BSE-web.jpg 1772w\" sizes=\"auto, (max-width: 768px) 100vw, 768px\" \/><\/a><figcaption class=\"wp-element-caption\">Mar\u00eda Fern\u00e1ndez Sobr\u00edn<\/figcaption><\/figure>\n\n\n\n<figure class=\"wp-block-image size-large\"><a href=\"https:\/\/gonvel.net\/index.php\/maria-jose-molina-pena-cv\/\" target=\"_blank\" rel=\" noreferrer noopener\"><img loading=\"lazy\" decoding=\"async\" width=\"768\" height=\"1024\" data-id=\"172\" src=\"https:\/\/gonvel.net\/wp-content\/uploads\/2026\/02\/MJOSE-BSE-web-768x1024.jpg\" alt=\"\" class=\"wp-image-172\" srcset=\"https:\/\/gonvel.net\/wp-content\/uploads\/2026\/02\/MJOSE-BSE-web-768x1024.jpg 768w, https:\/\/gonvel.net\/wp-content\/uploads\/2026\/02\/MJOSE-BSE-web-225x300.jpg 225w, https:\/\/gonvel.net\/wp-content\/uploads\/2026\/02\/MJOSE-BSE-web-1152x1536.jpg 1152w, https:\/\/gonvel.net\/wp-content\/uploads\/2026\/02\/MJOSE-BSE-web-1536x2048.jpg 1536w, https:\/\/gonvel.net\/wp-content\/uploads\/2026\/02\/MJOSE-BSE-web.jpg 1772w\" sizes=\"auto, (max-width: 768px) 100vw, 768px\" \/><\/a><figcaption class=\"wp-element-caption\">Mar\u00eda Jos\u00e9 Molina Pe\u00f1a<\/figcaption><\/figure>\n\n\n\n<figure class=\"wp-block-image size-large\"><a href=\"https:\/\/gonvel.net\/index.php\/helene-honga-cv\/\" target=\"_blank\" rel=\" noreferrer noopener\"><img loading=\"lazy\" decoding=\"async\" width=\"768\" height=\"1024\" data-id=\"168\" src=\"https:\/\/gonvel.net\/wp-content\/uploads\/2026\/02\/HELENE-BSE-web-768x1024.jpg\" alt=\"\" class=\"wp-image-168\" srcset=\"https:\/\/gonvel.net\/wp-content\/uploads\/2026\/02\/HELENE-BSE-web-768x1024.jpg 768w, https:\/\/gonvel.net\/wp-content\/uploads\/2026\/02\/HELENE-BSE-web-225x300.jpg 225w, https:\/\/gonvel.net\/wp-content\/uploads\/2026\/02\/HELENE-BSE-web-1152x1536.jpg 1152w, https:\/\/gonvel.net\/wp-content\/uploads\/2026\/02\/HELENE-BSE-web-1536x2048.jpg 1536w, https:\/\/gonvel.net\/wp-content\/uploads\/2026\/02\/HELENE-BSE-web.jpg 1772w\" sizes=\"auto, (max-width: 768px) 100vw, 768px\" \/><\/a><figcaption class=\"wp-element-caption\">Helene Honga<\/figcaption><\/figure>\n\n\n\n<figure class=\"wp-block-image size-large\"><a href=\"https:\/\/gonvel.net\/index.php\/adela-gomez-ruiz-cv\/\" target=\"_blank\" rel=\" noreferrer noopener\"><img loading=\"lazy\" decoding=\"async\" width=\"768\" height=\"1024\" data-id=\"180\" src=\"https:\/\/gonvel.net\/wp-content\/uploads\/2026\/02\/Adela-0032299-768x1024.jpg\" alt=\"\" class=\"wp-image-180\" srcset=\"https:\/\/gonvel.net\/wp-content\/uploads\/2026\/02\/Adela-0032299-768x1024.jpg 768w, https:\/\/gonvel.net\/wp-content\/uploads\/2026\/02\/Adela-0032299-225x300.jpg 225w, https:\/\/gonvel.net\/wp-content\/uploads\/2026\/02\/Adela-0032299-1152x1536.jpg 1152w, https:\/\/gonvel.net\/wp-content\/uploads\/2026\/02\/Adela-0032299-1536x2048.jpg 1536w, https:\/\/gonvel.net\/wp-content\/uploads\/2026\/02\/Adela-0032299.jpg 1772w\" sizes=\"auto, (max-width: 768px) 100vw, 768px\" \/><\/a><figcaption class=\"wp-element-caption\">Adela G\u00f3mez Ruiz<\/figcaption><\/figure>\n<\/figure>\n","protected":false},"excerpt":{"rendered":"<p>Nuestros Profesionales Toque o haga \u00abclick\u00bb para mas informaci\u00f3n<\/p>\n","protected":false},"author":1,"featured_media":0,"parent":0,"menu_order":0,"comment_status":"closed","ping_status":"closed","template":"","meta":{"_themeisle_gutenberg_block_has_review":false,"footnotes":""},"class_list":["post-56","page","type-page","status-publish","hentry"],"yoast_head":"<!-- This site is optimized with the Yoast SEO plugin v27.3 - https:\/\/yoast.com\/product\/yoast-seo-wordpress\/ -->\n<title>Profesionales - GONVEL Abogados y Asesores Tributarios<\/title>\n<meta name=\"robots\" content=\"index, follow, max-snippet:-1, max-image-preview:large, max-video-preview:-1\" \/>\n<link rel=\"canonical\" href=\"https:\/\/gonvel.net\/index.php\/profesionales\/\" \/>\n<meta property=\"og:locale\" content=\"es_ES\" \/>\n<meta property=\"og:type\" content=\"article\" \/>\n<meta property=\"og:title\" content=\"Profesionales - GONVEL Abogados y Asesores Tributarios\" \/>\n<meta property=\"og:description\" content=\"Nuestros Profesionales Toque o haga \u00abclick\u00bb para mas informaci\u00f3n\" \/>\n<meta property=\"og:url\" content=\"https:\/\/gonvel.net\/index.php\/profesionales\/\" \/>\n<meta property=\"og:site_name\" content=\"GONVEL Abogados y Asesores Tributarios\" \/>\n<meta property=\"article:modified_time\" content=\"2026-02-20T13:49:47+00:00\" \/>\n<meta property=\"og:image\" content=\"https:\/\/gonvel.net\/wp-content\/uploads\/2026\/02\/JESUS-BSE-web.jpg\" \/>\n\t<meta property=\"og:image:width\" content=\"1772\" \/>\n\t<meta property=\"og:image:height\" content=\"2362\" \/>\n\t<meta property=\"og:image:type\" content=\"image\/jpeg\" \/>\n<meta name=\"twitter:card\" content=\"summary_large_image\" \/>\n<meta name=\"twitter:label1\" content=\"Tiempo de lectura\" \/>\n\t<meta name=\"twitter:data1\" content=\"4 minutos\" \/>\n<script type=\"application\/ld+json\" class=\"yoast-schema-graph\">{\"@context\":\"https:\\\/\\\/schema.org\",\"@graph\":[{\"@type\":\"WebPage\",\"@id\":\"https:\\\/\\\/gonvel.net\\\/index.php\\\/profesionales\\\/\",\"url\":\"https:\\\/\\\/gonvel.net\\\/index.php\\\/profesionales\\\/\",\"name\":\"Profesionales - GONVEL Abogados y Asesores Tributarios\",\"isPartOf\":{\"@id\":\"https:\\\/\\\/gonvel.net\\\/#website\"},\"primaryImageOfPage\":{\"@id\":\"https:\\\/\\\/gonvel.net\\\/index.php\\\/profesionales\\\/#primaryimage\"},\"image\":{\"@id\":\"https:\\\/\\\/gonvel.net\\\/index.php\\\/profesionales\\\/#primaryimage\"},\"thumbnailUrl\":\"https:\\\/\\\/gonvel.net\\\/wp-content\\\/uploads\\\/2026\\\/02\\\/JESUS-BSE-web-768x1024.jpg\",\"datePublished\":\"2026-02-17T13:13:07+00:00\",\"dateModified\":\"2026-02-20T13:49:47+00:00\",\"breadcrumb\":{\"@id\":\"https:\\\/\\\/gonvel.net\\\/index.php\\\/profesionales\\\/#breadcrumb\"},\"inLanguage\":\"es\",\"potentialAction\":[{\"@type\":\"ReadAction\",\"target\":[\"https:\\\/\\\/gonvel.net\\\/index.php\\\/profesionales\\\/\"]}]},{\"@type\":\"ImageObject\",\"inLanguage\":\"es\",\"@id\":\"https:\\\/\\\/gonvel.net\\\/index.php\\\/profesionales\\\/#primaryimage\",\"url\":\"https:\\\/\\\/gonvel.net\\\/wp-content\\\/uploads\\\/2026\\\/02\\\/JESUS-BSE-web.jpg\",\"contentUrl\":\"https:\\\/\\\/gonvel.net\\\/wp-content\\\/uploads\\\/2026\\\/02\\\/JESUS-BSE-web.jpg\",\"width\":1772,\"height\":2362},{\"@type\":\"BreadcrumbList\",\"@id\":\"https:\\\/\\\/gonvel.net\\\/index.php\\\/profesionales\\\/#breadcrumb\",\"itemListElement\":[{\"@type\":\"ListItem\",\"position\":1,\"name\":\"Portada\",\"item\":\"https:\\\/\\\/gonvel.net\\\/\"},{\"@type\":\"ListItem\",\"position\":2,\"name\":\"Profesionales\"}]},{\"@type\":\"WebSite\",\"@id\":\"https:\\\/\\\/gonvel.net\\\/#website\",\"url\":\"https:\\\/\\\/gonvel.net\\\/\",\"name\":\"GONVEL Abogados y Asesores Tributarios\",\"description\":\"\",\"publisher\":{\"@id\":\"https:\\\/\\\/gonvel.net\\\/#organization\"},\"potentialAction\":[{\"@type\":\"SearchAction\",\"target\":{\"@type\":\"EntryPoint\",\"urlTemplate\":\"https:\\\/\\\/gonvel.net\\\/?s={search_term_string}\"},\"query-input\":{\"@type\":\"PropertyValueSpecification\",\"valueRequired\":true,\"valueName\":\"search_term_string\"}}],\"inLanguage\":\"es\"},{\"@type\":\"Organization\",\"@id\":\"https:\\\/\\\/gonvel.net\\\/#organization\",\"name\":\"GONVEL Abogados y Asesores Tributarios\",\"url\":\"https:\\\/\\\/gonvel.net\\\/\",\"logo\":{\"@type\":\"ImageObject\",\"inLanguage\":\"es\",\"@id\":\"https:\\\/\\\/gonvel.net\\\/#\\\/schema\\\/logo\\\/image\\\/\",\"url\":\"https:\\\/\\\/gonvel.net\\\/wp-content\\\/uploads\\\/2026\\\/01\\\/logo-inicio.jpg\",\"contentUrl\":\"https:\\\/\\\/gonvel.net\\\/wp-content\\\/uploads\\\/2026\\\/01\\\/logo-inicio.jpg\",\"width\":449,\"height\":305,\"caption\":\"GONVEL Abogados y Asesores Tributarios\"},\"image\":{\"@id\":\"https:\\\/\\\/gonvel.net\\\/#\\\/schema\\\/logo\\\/image\\\/\"}}]}<\/script>\n<!-- \/ Yoast SEO plugin. -->","yoast_head_json":{"title":"Profesionales - GONVEL Abogados y Asesores Tributarios","robots":{"index":"index","follow":"follow","max-snippet":"max-snippet:-1","max-image-preview":"max-image-preview:large","max-video-preview":"max-video-preview:-1"},"canonical":"https:\/\/gonvel.net\/index.php\/profesionales\/","og_locale":"es_ES","og_type":"article","og_title":"Profesionales - GONVEL Abogados y Asesores Tributarios","og_description":"Nuestros Profesionales Toque o haga \u00abclick\u00bb para mas informaci\u00f3n","og_url":"https:\/\/gonvel.net\/index.php\/profesionales\/","og_site_name":"GONVEL Abogados y Asesores Tributarios","article_modified_time":"2026-02-20T13:49:47+00:00","og_image":[{"width":1772,"height":2362,"url":"https:\/\/gonvel.net\/wp-content\/uploads\/2026\/02\/JESUS-BSE-web.jpg","type":"image\/jpeg"}],"twitter_card":"summary_large_image","twitter_misc":{"Tiempo de lectura":"4 minutos"},"schema":{"@context":"https:\/\/schema.org","@graph":[{"@type":"WebPage","@id":"https:\/\/gonvel.net\/index.php\/profesionales\/","url":"https:\/\/gonvel.net\/index.php\/profesionales\/","name":"Profesionales - GONVEL Abogados y Asesores Tributarios","isPartOf":{"@id":"https:\/\/gonvel.net\/#website"},"primaryImageOfPage":{"@id":"https:\/\/gonvel.net\/index.php\/profesionales\/#primaryimage"},"image":{"@id":"https:\/\/gonvel.net\/index.php\/profesionales\/#primaryimage"},"thumbnailUrl":"https:\/\/gonvel.net\/wp-content\/uploads\/2026\/02\/JESUS-BSE-web-768x1024.jpg","datePublished":"2026-02-17T13:13:07+00:00","dateModified":"2026-02-20T13:49:47+00:00","breadcrumb":{"@id":"https:\/\/gonvel.net\/index.php\/profesionales\/#breadcrumb"},"inLanguage":"es","potentialAction":[{"@type":"ReadAction","target":["https:\/\/gonvel.net\/index.php\/profesionales\/"]}]},{"@type":"ImageObject","inLanguage":"es","@id":"https:\/\/gonvel.net\/index.php\/profesionales\/#primaryimage","url":"https:\/\/gonvel.net\/wp-content\/uploads\/2026\/02\/JESUS-BSE-web.jpg","contentUrl":"https:\/\/gonvel.net\/wp-content\/uploads\/2026\/02\/JESUS-BSE-web.jpg","width":1772,"height":2362},{"@type":"BreadcrumbList","@id":"https:\/\/gonvel.net\/index.php\/profesionales\/#breadcrumb","itemListElement":[{"@type":"ListItem","position":1,"name":"Portada","item":"https:\/\/gonvel.net\/"},{"@type":"ListItem","position":2,"name":"Profesionales"}]},{"@type":"WebSite","@id":"https:\/\/gonvel.net\/#website","url":"https:\/\/gonvel.net\/","name":"GONVEL Abogados y Asesores Tributarios","description":"","publisher":{"@id":"https:\/\/gonvel.net\/#organization"},"potentialAction":[{"@type":"SearchAction","target":{"@type":"EntryPoint","urlTemplate":"https:\/\/gonvel.net\/?s={search_term_string}"},"query-input":{"@type":"PropertyValueSpecification","valueRequired":true,"valueName":"search_term_string"}}],"inLanguage":"es"},{"@type":"Organization","@id":"https:\/\/gonvel.net\/#organization","name":"GONVEL Abogados y Asesores Tributarios","url":"https:\/\/gonvel.net\/","logo":{"@type":"ImageObject","inLanguage":"es","@id":"https:\/\/gonvel.net\/#\/schema\/logo\/image\/","url":"https:\/\/gonvel.net\/wp-content\/uploads\/2026\/01\/logo-inicio.jpg","contentUrl":"https:\/\/gonvel.net\/wp-content\/uploads\/2026\/01\/logo-inicio.jpg","width":449,"height":305,"caption":"GONVEL Abogados y Asesores Tributarios"},"image":{"@id":"https:\/\/gonvel.net\/#\/schema\/logo\/image\/"}}]}},"_links":{"self":[{"href":"https:\/\/gonvel.net\/index.php\/wp-json\/wp\/v2\/pages\/56","targetHints":{"allow":["GET"]}}],"collection":[{"href":"https:\/\/gonvel.net\/index.php\/wp-json\/wp\/v2\/pages"}],"about":[{"href":"https:\/\/gonvel.net\/index.php\/wp-json\/wp\/v2\/types\/page"}],"author":[{"embeddable":true,"href":"https:\/\/gonvel.net\/index.php\/wp-json\/wp\/v2\/users\/1"}],"replies":[{"embeddable":true,"href":"https:\/\/gonvel.net\/index.php\/wp-json\/wp\/v2\/comments?post=56"}],"version-history":[{"count":15,"href":"https:\/\/gonvel.net\/index.php\/wp-json\/wp\/v2\/pages\/56\/revisions"}],"predecessor-version":[{"id":247,"href":"https:\/\/gonvel.net\/index.php\/wp-json\/wp\/v2\/pages\/56\/revisions\/247"}],"wp:attachment":[{"href":"https:\/\/gonvel.net\/index.php\/wp-json\/wp\/v2\/media?parent=56"}],"curies":[{"name":"wp","href":"https:\/\/api.w.org\/{rel}","templated":true}]}}