{"id":269,"date":"2026-04-11T19:23:16","date_gmt":"2026-04-11T19:23:16","guid":{"rendered":"https:\/\/gonvel.net\/?page_id=269"},"modified":"2026-04-11T19:23:17","modified_gmt":"2026-04-11T19:23:17","slug":"javier-lanzas-delgado-cv","status":"publish","type":"page","link":"https:\/\/gonvel.net\/index.php\/javier-lanzas-delgado-cv\/","title":{"rendered":"Javier Lanzas Delgado &#8211; CV"},"content":{"rendered":"<div style=\"max-width:900px;margin:auto;font-family:system-ui;background:#fdfdff;padding:20px;\">\n<div style=\"background:linear-gradient(135deg,#d7f0ff,#ffe1f0,#e9ffe7);padding:30px;border-radius:20px;display:flex;gap:20px;align-items:center;\">\n        <img decoding=\"async\" src=\"https:\/\/gonvel.net\/wp-content\/uploads\/2026\/04\/javier4.jpg\" style=\"width:120px;height:120px;border-radius:50%;object-fit:cover;border:4px solid #fff;\"><\/p>\n<div>\n<h1 style=\"margin:0;font-size:32px;\">Javier Lanzas Delgado<\/h1>\n<p style=\"margin:5px 0;font-weight:600;\">Graduado en Econom\u00eda por la Universidad de M\u00e1laga<\/p>\n<p style=\"margin:5px 0;\">\ud83d\udce7 javier.lanzas@gonvel.net<\/p>\n<\/p><\/div>\n<\/p><\/div>\n<div style=\"background:#fff;margin-top:20px;padding:25px;border-radius:18px;\">\n<h2>Formaci\u00f3n y Experiencia<\/h2>\n<ul>\n<li>Economista del \u00c1rea de Asesoramiento Tributario y de Administraci\u00f3n de Empresas.<\/li>\n<li>Especialidad en Derecho Tributario y Contabilidad.<\/li>\n<li>Anteriormente economista de las firmas Estudio Fiscal, a cargo de D. F\u00e9lix Diego Barqu\u00edn, y G\u00f3mez-Villares &amp; Atencia, especializado en materia tributaria, y Asesor\u00eda P\u00e9rez Garc\u00eda, especializado en materia contable-tributaria.<\/li>\n<li>Curso Superior en Contabilidad y Tributaci\u00f3n del Impuesto sobre Sociedades, a cargo del Instituto Europeo de Estudios Empresariales \u2018INESEM\u2019.<\/li>\n<li>M\u00e1ster en Asesoramiento Fiscal y Tributaci\u00f3n \u2018MAFT\u2019, a cargo de la Universidad de M\u00e1laga.<\/li>\n<li>Anteriormente colaborador docente del m\u00f3dulo de Derecho Tributario del M\u00e1ster en Abogac\u00eda del Colegio de Abogados de M\u00e1laga y del m\u00f3dulo de Fiscalidad Auton\u00f3mica en el M\u00e1ster en Asesoramiento Fiscal y Tributaci\u00f3n \u2018MAFT\u2019 de la Universidad de M\u00e1laga.<\/li>\n<li>Miembro del Colegio Profesional de Economistas de M\u00e1laga.<\/li>\n<li>Espa\u00f1ol (lengua materna) e Ingl\u00e9s (tanto en expresi\u00f3n oral como escrita).<\/li>\n<li>8 a\u00f1os de experiencia en materia jur\u00eddica, tributaria y contable.<\/li>\n<\/ul><\/div>\n<\/p><\/div>\n","protected":false},"excerpt":{"rendered":"<p>Javier Lanzas Delgado Graduado en Econom\u00eda por la Universidad de M\u00e1laga \ud83d\udce7 javier.lanzas@gonvel.net Formaci\u00f3n y Experiencia Economista del \u00c1rea de Asesoramiento Tributario y de Administraci\u00f3n de Empresas. Especialidad en Derecho Tributario y Contabilidad. Anteriormente economista de las firmas Estudio Fiscal, a cargo de D. F\u00e9lix Diego Barqu\u00edn, y G\u00f3mez-Villares &amp; Atencia, especializado en materia tributaria, [&hellip;]<\/p>\n","protected":false},"author":1,"featured_media":0,"parent":0,"menu_order":0,"comment_status":"closed","ping_status":"closed","template":"","meta":{"_themeisle_gutenberg_block_has_review":false,"footnotes":""},"class_list":["post-269","page","type-page","status-publish","hentry"],"yoast_head":"<!-- This site is optimized with the Yoast SEO plugin v27.5 - https:\/\/yoast.com\/product\/yoast-seo-wordpress\/ -->\n<title>Javier Lanzas Delgado - CV - GONVEL Abogados y Asesores Tributarios<\/title>\n<meta name=\"robots\" content=\"index, follow, max-snippet:-1, max-image-preview:large, max-video-preview:-1\" \/>\n<link rel=\"canonical\" href=\"https:\/\/gonvel.net\/index.php\/javier-lanzas-delgado-cv\/\" \/>\n<meta property=\"og:locale\" content=\"es_ES\" \/>\n<meta property=\"og:type\" content=\"article\" \/>\n<meta property=\"og:title\" content=\"Javier Lanzas Delgado - CV - GONVEL Abogados y Asesores Tributarios\" \/>\n<meta property=\"og:description\" content=\"Javier Lanzas Delgado Graduado en Econom\u00eda por la Universidad de M\u00e1laga \ud83d\udce7 javier.lanzas@gonvel.net Formaci\u00f3n y Experiencia Economista del \u00c1rea de Asesoramiento Tributario y de Administraci\u00f3n de Empresas. Especialidad en Derecho Tributario y Contabilidad. Anteriormente economista de las firmas Estudio Fiscal, a cargo de D. F\u00e9lix Diego Barqu\u00edn, y G\u00f3mez-Villares &amp; Atencia, especializado en materia tributaria, [&hellip;]\" \/>\n<meta property=\"og:url\" content=\"https:\/\/gonvel.net\/index.php\/javier-lanzas-delgado-cv\/\" \/>\n<meta property=\"og:site_name\" content=\"GONVEL Abogados y Asesores Tributarios\" \/>\n<meta property=\"article:modified_time\" content=\"2026-04-11T19:23:17+00:00\" \/>\n<meta property=\"og:image\" content=\"https:\/\/gonvel.net\/wp-content\/uploads\/2026\/04\/javier4.jpg\" \/>\n<meta name=\"twitter:card\" content=\"summary_large_image\" \/>\n<meta name=\"twitter:label1\" content=\"Tiempo de lectura\" \/>\n\t<meta name=\"twitter:data1\" content=\"1 minuto\" \/>\n<script type=\"application\/ld+json\" class=\"yoast-schema-graph\">{\"@context\":\"https:\\\/\\\/schema.org\",\"@graph\":[{\"@type\":\"WebPage\",\"@id\":\"https:\\\/\\\/gonvel.net\\\/index.php\\\/javier-lanzas-delgado-cv\\\/\",\"url\":\"https:\\\/\\\/gonvel.net\\\/index.php\\\/javier-lanzas-delgado-cv\\\/\",\"name\":\"Javier Lanzas Delgado - CV - GONVEL Abogados y Asesores Tributarios\",\"isPartOf\":{\"@id\":\"https:\\\/\\\/gonvel.net\\\/#website\"},\"primaryImageOfPage\":{\"@id\":\"https:\\\/\\\/gonvel.net\\\/index.php\\\/javier-lanzas-delgado-cv\\\/#primaryimage\"},\"image\":{\"@id\":\"https:\\\/\\\/gonvel.net\\\/index.php\\\/javier-lanzas-delgado-cv\\\/#primaryimage\"},\"thumbnailUrl\":\"https:\\\/\\\/gonvel.net\\\/wp-content\\\/uploads\\\/2026\\\/04\\\/javier4.jpg\",\"datePublished\":\"2026-04-11T19:23:16+00:00\",\"dateModified\":\"2026-04-11T19:23:17+00:00\",\"breadcrumb\":{\"@id\":\"https:\\\/\\\/gonvel.net\\\/index.php\\\/javier-lanzas-delgado-cv\\\/#breadcrumb\"},\"inLanguage\":\"es\",\"potentialAction\":[{\"@type\":\"ReadAction\",\"target\":[\"https:\\\/\\\/gonvel.net\\\/index.php\\\/javier-lanzas-delgado-cv\\\/\"]}]},{\"@type\":\"ImageObject\",\"inLanguage\":\"es\",\"@id\":\"https:\\\/\\\/gonvel.net\\\/index.php\\\/javier-lanzas-delgado-cv\\\/#primaryimage\",\"url\":\"https:\\\/\\\/gonvel.net\\\/wp-content\\\/uploads\\\/2026\\\/04\\\/javier4.jpg\",\"contentUrl\":\"https:\\\/\\\/gonvel.net\\\/wp-content\\\/uploads\\\/2026\\\/04\\\/javier4.jpg\",\"width\":1772,\"height\":2362},{\"@type\":\"BreadcrumbList\",\"@id\":\"https:\\\/\\\/gonvel.net\\\/index.php\\\/javier-lanzas-delgado-cv\\\/#breadcrumb\",\"itemListElement\":[{\"@type\":\"ListItem\",\"position\":1,\"name\":\"Portada\",\"item\":\"https:\\\/\\\/gonvel.net\\\/\"},{\"@type\":\"ListItem\",\"position\":2,\"name\":\"Javier Lanzas Delgado &#8211; CV\"}]},{\"@type\":\"WebSite\",\"@id\":\"https:\\\/\\\/gonvel.net\\\/#website\",\"url\":\"https:\\\/\\\/gonvel.net\\\/\",\"name\":\"GONVEL Abogados y Asesores Tributarios\",\"description\":\"\",\"publisher\":{\"@id\":\"https:\\\/\\\/gonvel.net\\\/#organization\"},\"potentialAction\":[{\"@type\":\"SearchAction\",\"target\":{\"@type\":\"EntryPoint\",\"urlTemplate\":\"https:\\\/\\\/gonvel.net\\\/?s={search_term_string}\"},\"query-input\":{\"@type\":\"PropertyValueSpecification\",\"valueRequired\":true,\"valueName\":\"search_term_string\"}}],\"inLanguage\":\"es\"},{\"@type\":\"Organization\",\"@id\":\"https:\\\/\\\/gonvel.net\\\/#organization\",\"name\":\"GONVEL Abogados y Asesores Tributarios\",\"url\":\"https:\\\/\\\/gonvel.net\\\/\",\"logo\":{\"@type\":\"ImageObject\",\"inLanguage\":\"es\",\"@id\":\"https:\\\/\\\/gonvel.net\\\/#\\\/schema\\\/logo\\\/image\\\/\",\"url\":\"https:\\\/\\\/gonvel.net\\\/wp-content\\\/uploads\\\/2026\\\/01\\\/logo-inicio.jpg\",\"contentUrl\":\"https:\\\/\\\/gonvel.net\\\/wp-content\\\/uploads\\\/2026\\\/01\\\/logo-inicio.jpg\",\"width\":449,\"height\":305,\"caption\":\"GONVEL Abogados y Asesores Tributarios\"},\"image\":{\"@id\":\"https:\\\/\\\/gonvel.net\\\/#\\\/schema\\\/logo\\\/image\\\/\"}}]}<\/script>\n<!-- \/ Yoast SEO plugin. -->","yoast_head_json":{"title":"Javier Lanzas Delgado - CV - GONVEL Abogados y Asesores Tributarios","robots":{"index":"index","follow":"follow","max-snippet":"max-snippet:-1","max-image-preview":"max-image-preview:large","max-video-preview":"max-video-preview:-1"},"canonical":"https:\/\/gonvel.net\/index.php\/javier-lanzas-delgado-cv\/","og_locale":"es_ES","og_type":"article","og_title":"Javier Lanzas Delgado - CV - GONVEL Abogados y Asesores Tributarios","og_description":"Javier Lanzas Delgado Graduado en Econom\u00eda por la Universidad de M\u00e1laga \ud83d\udce7 javier.lanzas@gonvel.net Formaci\u00f3n y Experiencia Economista del \u00c1rea de Asesoramiento Tributario y de Administraci\u00f3n de Empresas. Especialidad en Derecho Tributario y Contabilidad. Anteriormente economista de las firmas Estudio Fiscal, a cargo de D. F\u00e9lix Diego Barqu\u00edn, y G\u00f3mez-Villares &amp; Atencia, especializado en materia tributaria, [&hellip;]","og_url":"https:\/\/gonvel.net\/index.php\/javier-lanzas-delgado-cv\/","og_site_name":"GONVEL Abogados y Asesores Tributarios","article_modified_time":"2026-04-11T19:23:17+00:00","og_image":[{"url":"https:\/\/gonvel.net\/wp-content\/uploads\/2026\/04\/javier4.jpg","type":"","width":"","height":""}],"twitter_card":"summary_large_image","twitter_misc":{"Tiempo de lectura":"1 minuto"},"schema":{"@context":"https:\/\/schema.org","@graph":[{"@type":"WebPage","@id":"https:\/\/gonvel.net\/index.php\/javier-lanzas-delgado-cv\/","url":"https:\/\/gonvel.net\/index.php\/javier-lanzas-delgado-cv\/","name":"Javier Lanzas Delgado - CV - GONVEL Abogados y Asesores Tributarios","isPartOf":{"@id":"https:\/\/gonvel.net\/#website"},"primaryImageOfPage":{"@id":"https:\/\/gonvel.net\/index.php\/javier-lanzas-delgado-cv\/#primaryimage"},"image":{"@id":"https:\/\/gonvel.net\/index.php\/javier-lanzas-delgado-cv\/#primaryimage"},"thumbnailUrl":"https:\/\/gonvel.net\/wp-content\/uploads\/2026\/04\/javier4.jpg","datePublished":"2026-04-11T19:23:16+00:00","dateModified":"2026-04-11T19:23:17+00:00","breadcrumb":{"@id":"https:\/\/gonvel.net\/index.php\/javier-lanzas-delgado-cv\/#breadcrumb"},"inLanguage":"es","potentialAction":[{"@type":"ReadAction","target":["https:\/\/gonvel.net\/index.php\/javier-lanzas-delgado-cv\/"]}]},{"@type":"ImageObject","inLanguage":"es","@id":"https:\/\/gonvel.net\/index.php\/javier-lanzas-delgado-cv\/#primaryimage","url":"https:\/\/gonvel.net\/wp-content\/uploads\/2026\/04\/javier4.jpg","contentUrl":"https:\/\/gonvel.net\/wp-content\/uploads\/2026\/04\/javier4.jpg","width":1772,"height":2362},{"@type":"BreadcrumbList","@id":"https:\/\/gonvel.net\/index.php\/javier-lanzas-delgado-cv\/#breadcrumb","itemListElement":[{"@type":"ListItem","position":1,"name":"Portada","item":"https:\/\/gonvel.net\/"},{"@type":"ListItem","position":2,"name":"Javier Lanzas Delgado &#8211; CV"}]},{"@type":"WebSite","@id":"https:\/\/gonvel.net\/#website","url":"https:\/\/gonvel.net\/","name":"GONVEL Abogados y Asesores Tributarios","description":"","publisher":{"@id":"https:\/\/gonvel.net\/#organization"},"potentialAction":[{"@type":"SearchAction","target":{"@type":"EntryPoint","urlTemplate":"https:\/\/gonvel.net\/?s={search_term_string}"},"query-input":{"@type":"PropertyValueSpecification","valueRequired":true,"valueName":"search_term_string"}}],"inLanguage":"es"},{"@type":"Organization","@id":"https:\/\/gonvel.net\/#organization","name":"GONVEL Abogados y Asesores Tributarios","url":"https:\/\/gonvel.net\/","logo":{"@type":"ImageObject","inLanguage":"es","@id":"https:\/\/gonvel.net\/#\/schema\/logo\/image\/","url":"https:\/\/gonvel.net\/wp-content\/uploads\/2026\/01\/logo-inicio.jpg","contentUrl":"https:\/\/gonvel.net\/wp-content\/uploads\/2026\/01\/logo-inicio.jpg","width":449,"height":305,"caption":"GONVEL Abogados y Asesores Tributarios"},"image":{"@id":"https:\/\/gonvel.net\/#\/schema\/logo\/image\/"}}]}},"_links":{"self":[{"href":"https:\/\/gonvel.net\/index.php\/wp-json\/wp\/v2\/pages\/269","targetHints":{"allow":["GET"]}}],"collection":[{"href":"https:\/\/gonvel.net\/index.php\/wp-json\/wp\/v2\/pages"}],"about":[{"href":"https:\/\/gonvel.net\/index.php\/wp-json\/wp\/v2\/types\/page"}],"author":[{"embeddable":true,"href":"https:\/\/gonvel.net\/index.php\/wp-json\/wp\/v2\/users\/1"}],"replies":[{"embeddable":true,"href":"https:\/\/gonvel.net\/index.php\/wp-json\/wp\/v2\/comments?post=269"}],"version-history":[{"count":1,"href":"https:\/\/gonvel.net\/index.php\/wp-json\/wp\/v2\/pages\/269\/revisions"}],"predecessor-version":[{"id":270,"href":"https:\/\/gonvel.net\/index.php\/wp-json\/wp\/v2\/pages\/269\/revisions\/270"}],"wp:attachment":[{"href":"https:\/\/gonvel.net\/index.php\/wp-json\/wp\/v2\/media?parent=269"}],"curies":[{"name":"wp","href":"https:\/\/api.w.org\/{rel}","templated":true}]}}