{"id":241,"date":"2026-02-20T13:47:42","date_gmt":"2026-02-20T13:47:42","guid":{"rendered":"https:\/\/gonvel.net\/?page_id=241"},"modified":"2026-02-20T13:47:43","modified_gmt":"2026-02-20T13:47:43","slug":"helene-honga-cv","status":"publish","type":"page","link":"https:\/\/gonvel.net\/index.php\/helene-honga-cv\/","title":{"rendered":"Helene Honga &#8211; CV"},"content":{"rendered":"<div style=\"max-width:900px;margin:auto;font-family:system-ui;background:#fdfdff;padding:20px;\">\n<div style=\"background:linear-gradient(135deg,#d7f0ff,#ffe1f0,#e9ffe7);padding:30px;border-radius:20px;display:flex;gap:20px;align-items:center;\">\n        <img decoding=\"async\" src=\"https:\/\/gonvel.net\/wp-content\/uploads\/2026\/02\/HELENE-BSE-web-1.jpg\" style=\"width:120px;height:120px;border-radius:50%;object-fit:cover;border:4px solid #fff;\"><\/p>\n<div>\n<h1 style=\"margin:0;font-size:32px;\">Helene Honga<\/h1>\n<p style=\"margin:5px 0;font-weight:600;\">Administrativa<\/p>\n<p style=\"margin:5px 0;\">\ud83d\udce7 helene.honga@gonvelkamph.net<\/p>\n<\/p><\/div>\n<\/p><\/div>\n<div style=\"background:#fff;margin-top:20px;padding:25px;border-radius:18px;\">\n<h2>Formaci\u00f3n y Experiencia<\/h2>\n<ul>\n<li>Asistente de las \u00c1reas de Derecho Inmobiliario, Mercantil y Sucesiones de la Firma GONVEL &amp; KAMPH ABOGADOS Y ASESORES TRIBUTARIOS.<\/li>\n<li>Sueco y fin\u00e9s (lengua materna) y espa\u00f1ol, ingl\u00e9s, noruego, franc\u00e9s, italiano y alem\u00e1n (fluidez tanto en expresi\u00f3n oral como escrita).<\/li>\n<li>32 a\u00f1os de experiencia como administrativa dentro del \u00e1mbito inmobiliario, empresarial y bancario.<\/li>\n<li>Especialidad en Atenci\u00f3n al cliente y asistencia en tareas administrativas en general, gestiones pre- y postventa.<\/li>\n<\/ul><\/div>\n<\/p><\/div>\n","protected":false},"excerpt":{"rendered":"<p>Helene Honga Administrativa \ud83d\udce7 helene.honga@gonvelkamph.net Formaci\u00f3n y Experiencia Asistente de las \u00c1reas de Derecho Inmobiliario, Mercantil y Sucesiones de la Firma GONVEL &amp; KAMPH ABOGADOS Y ASESORES TRIBUTARIOS. Sueco y fin\u00e9s (lengua materna) y espa\u00f1ol, ingl\u00e9s, noruego, franc\u00e9s, italiano y alem\u00e1n (fluidez tanto en expresi\u00f3n oral como escrita). 32 a\u00f1os de experiencia como administrativa dentro [&hellip;]<\/p>\n","protected":false},"author":1,"featured_media":0,"parent":0,"menu_order":0,"comment_status":"closed","ping_status":"closed","template":"","meta":{"_themeisle_gutenberg_block_has_review":false,"footnotes":""},"class_list":["post-241","page","type-page","status-publish","hentry"],"yoast_head":"<!-- This site is optimized with the Yoast SEO plugin v27.3 - https:\/\/yoast.com\/product\/yoast-seo-wordpress\/ -->\n<title>Helene Honga - CV - GONVEL Abogados y Asesores Tributarios<\/title>\n<meta name=\"robots\" content=\"index, follow, max-snippet:-1, max-image-preview:large, max-video-preview:-1\" \/>\n<link rel=\"canonical\" href=\"https:\/\/gonvel.net\/index.php\/helene-honga-cv\/\" \/>\n<meta property=\"og:locale\" content=\"es_ES\" \/>\n<meta property=\"og:type\" content=\"article\" \/>\n<meta property=\"og:title\" content=\"Helene Honga - CV - GONVEL Abogados y Asesores Tributarios\" \/>\n<meta property=\"og:description\" content=\"Helene Honga Administrativa \ud83d\udce7 helene.honga@gonvelkamph.net Formaci\u00f3n y Experiencia Asistente de las \u00c1reas de Derecho Inmobiliario, Mercantil y Sucesiones de la Firma GONVEL &amp; KAMPH ABOGADOS Y ASESORES TRIBUTARIOS. Sueco y fin\u00e9s (lengua materna) y espa\u00f1ol, ingl\u00e9s, noruego, franc\u00e9s, italiano y alem\u00e1n (fluidez tanto en expresi\u00f3n oral como escrita). 32 a\u00f1os de experiencia como administrativa dentro [&hellip;]\" \/>\n<meta property=\"og:url\" content=\"https:\/\/gonvel.net\/index.php\/helene-honga-cv\/\" \/>\n<meta property=\"og:site_name\" content=\"GONVEL Abogados y Asesores Tributarios\" \/>\n<meta property=\"article:modified_time\" content=\"2026-02-20T13:47:43+00:00\" \/>\n<meta property=\"og:image\" content=\"https:\/\/gonvel.net\/wp-content\/uploads\/2026\/02\/HELENE-BSE-web-1.jpg\" \/>\n<meta name=\"twitter:card\" content=\"summary_large_image\" \/>\n<script type=\"application\/ld+json\" class=\"yoast-schema-graph\">{\"@context\":\"https:\\\/\\\/schema.org\",\"@graph\":[{\"@type\":\"WebPage\",\"@id\":\"https:\\\/\\\/gonvel.net\\\/index.php\\\/helene-honga-cv\\\/\",\"url\":\"https:\\\/\\\/gonvel.net\\\/index.php\\\/helene-honga-cv\\\/\",\"name\":\"Helene Honga - CV - GONVEL Abogados y Asesores Tributarios\",\"isPartOf\":{\"@id\":\"https:\\\/\\\/gonvel.net\\\/#website\"},\"primaryImageOfPage\":{\"@id\":\"https:\\\/\\\/gonvel.net\\\/index.php\\\/helene-honga-cv\\\/#primaryimage\"},\"image\":{\"@id\":\"https:\\\/\\\/gonvel.net\\\/index.php\\\/helene-honga-cv\\\/#primaryimage\"},\"thumbnailUrl\":\"https:\\\/\\\/gonvel.net\\\/wp-content\\\/uploads\\\/2026\\\/02\\\/HELENE-BSE-web-1.jpg\",\"datePublished\":\"2026-02-20T13:47:42+00:00\",\"dateModified\":\"2026-02-20T13:47:43+00:00\",\"breadcrumb\":{\"@id\":\"https:\\\/\\\/gonvel.net\\\/index.php\\\/helene-honga-cv\\\/#breadcrumb\"},\"inLanguage\":\"es\",\"potentialAction\":[{\"@type\":\"ReadAction\",\"target\":[\"https:\\\/\\\/gonvel.net\\\/index.php\\\/helene-honga-cv\\\/\"]}]},{\"@type\":\"ImageObject\",\"inLanguage\":\"es\",\"@id\":\"https:\\\/\\\/gonvel.net\\\/index.php\\\/helene-honga-cv\\\/#primaryimage\",\"url\":\"https:\\\/\\\/gonvel.net\\\/wp-content\\\/uploads\\\/2026\\\/02\\\/HELENE-BSE-web-1.jpg\",\"contentUrl\":\"https:\\\/\\\/gonvel.net\\\/wp-content\\\/uploads\\\/2026\\\/02\\\/HELENE-BSE-web-1.jpg\",\"width\":1772,\"height\":2362},{\"@type\":\"BreadcrumbList\",\"@id\":\"https:\\\/\\\/gonvel.net\\\/index.php\\\/helene-honga-cv\\\/#breadcrumb\",\"itemListElement\":[{\"@type\":\"ListItem\",\"position\":1,\"name\":\"Portada\",\"item\":\"https:\\\/\\\/gonvel.net\\\/\"},{\"@type\":\"ListItem\",\"position\":2,\"name\":\"Helene Honga &#8211; CV\"}]},{\"@type\":\"WebSite\",\"@id\":\"https:\\\/\\\/gonvel.net\\\/#website\",\"url\":\"https:\\\/\\\/gonvel.net\\\/\",\"name\":\"GONVEL Abogados y Asesores Tributarios\",\"description\":\"\",\"publisher\":{\"@id\":\"https:\\\/\\\/gonvel.net\\\/#organization\"},\"potentialAction\":[{\"@type\":\"SearchAction\",\"target\":{\"@type\":\"EntryPoint\",\"urlTemplate\":\"https:\\\/\\\/gonvel.net\\\/?s={search_term_string}\"},\"query-input\":{\"@type\":\"PropertyValueSpecification\",\"valueRequired\":true,\"valueName\":\"search_term_string\"}}],\"inLanguage\":\"es\"},{\"@type\":\"Organization\",\"@id\":\"https:\\\/\\\/gonvel.net\\\/#organization\",\"name\":\"GONVEL Abogados y Asesores Tributarios\",\"url\":\"https:\\\/\\\/gonvel.net\\\/\",\"logo\":{\"@type\":\"ImageObject\",\"inLanguage\":\"es\",\"@id\":\"https:\\\/\\\/gonvel.net\\\/#\\\/schema\\\/logo\\\/image\\\/\",\"url\":\"https:\\\/\\\/gonvel.net\\\/wp-content\\\/uploads\\\/2026\\\/01\\\/logo-inicio.jpg\",\"contentUrl\":\"https:\\\/\\\/gonvel.net\\\/wp-content\\\/uploads\\\/2026\\\/01\\\/logo-inicio.jpg\",\"width\":449,\"height\":305,\"caption\":\"GONVEL Abogados y Asesores Tributarios\"},\"image\":{\"@id\":\"https:\\\/\\\/gonvel.net\\\/#\\\/schema\\\/logo\\\/image\\\/\"}}]}<\/script>\n<!-- \/ Yoast SEO plugin. -->","yoast_head_json":{"title":"Helene Honga - CV - GONVEL Abogados y Asesores Tributarios","robots":{"index":"index","follow":"follow","max-snippet":"max-snippet:-1","max-image-preview":"max-image-preview:large","max-video-preview":"max-video-preview:-1"},"canonical":"https:\/\/gonvel.net\/index.php\/helene-honga-cv\/","og_locale":"es_ES","og_type":"article","og_title":"Helene Honga - CV - GONVEL Abogados y Asesores Tributarios","og_description":"Helene Honga Administrativa \ud83d\udce7 helene.honga@gonvelkamph.net Formaci\u00f3n y Experiencia Asistente de las \u00c1reas de Derecho Inmobiliario, Mercantil y Sucesiones de la Firma GONVEL &amp; KAMPH ABOGADOS Y ASESORES TRIBUTARIOS. Sueco y fin\u00e9s (lengua materna) y espa\u00f1ol, ingl\u00e9s, noruego, franc\u00e9s, italiano y alem\u00e1n (fluidez tanto en expresi\u00f3n oral como escrita). 32 a\u00f1os de experiencia como administrativa dentro [&hellip;]","og_url":"https:\/\/gonvel.net\/index.php\/helene-honga-cv\/","og_site_name":"GONVEL Abogados y Asesores Tributarios","article_modified_time":"2026-02-20T13:47:43+00:00","og_image":[{"url":"https:\/\/gonvel.net\/wp-content\/uploads\/2026\/02\/HELENE-BSE-web-1.jpg","type":"","width":"","height":""}],"twitter_card":"summary_large_image","schema":{"@context":"https:\/\/schema.org","@graph":[{"@type":"WebPage","@id":"https:\/\/gonvel.net\/index.php\/helene-honga-cv\/","url":"https:\/\/gonvel.net\/index.php\/helene-honga-cv\/","name":"Helene Honga - CV - GONVEL Abogados y Asesores Tributarios","isPartOf":{"@id":"https:\/\/gonvel.net\/#website"},"primaryImageOfPage":{"@id":"https:\/\/gonvel.net\/index.php\/helene-honga-cv\/#primaryimage"},"image":{"@id":"https:\/\/gonvel.net\/index.php\/helene-honga-cv\/#primaryimage"},"thumbnailUrl":"https:\/\/gonvel.net\/wp-content\/uploads\/2026\/02\/HELENE-BSE-web-1.jpg","datePublished":"2026-02-20T13:47:42+00:00","dateModified":"2026-02-20T13:47:43+00:00","breadcrumb":{"@id":"https:\/\/gonvel.net\/index.php\/helene-honga-cv\/#breadcrumb"},"inLanguage":"es","potentialAction":[{"@type":"ReadAction","target":["https:\/\/gonvel.net\/index.php\/helene-honga-cv\/"]}]},{"@type":"ImageObject","inLanguage":"es","@id":"https:\/\/gonvel.net\/index.php\/helene-honga-cv\/#primaryimage","url":"https:\/\/gonvel.net\/wp-content\/uploads\/2026\/02\/HELENE-BSE-web-1.jpg","contentUrl":"https:\/\/gonvel.net\/wp-content\/uploads\/2026\/02\/HELENE-BSE-web-1.jpg","width":1772,"height":2362},{"@type":"BreadcrumbList","@id":"https:\/\/gonvel.net\/index.php\/helene-honga-cv\/#breadcrumb","itemListElement":[{"@type":"ListItem","position":1,"name":"Portada","item":"https:\/\/gonvel.net\/"},{"@type":"ListItem","position":2,"name":"Helene Honga &#8211; CV"}]},{"@type":"WebSite","@id":"https:\/\/gonvel.net\/#website","url":"https:\/\/gonvel.net\/","name":"GONVEL Abogados y Asesores Tributarios","description":"","publisher":{"@id":"https:\/\/gonvel.net\/#organization"},"potentialAction":[{"@type":"SearchAction","target":{"@type":"EntryPoint","urlTemplate":"https:\/\/gonvel.net\/?s={search_term_string}"},"query-input":{"@type":"PropertyValueSpecification","valueRequired":true,"valueName":"search_term_string"}}],"inLanguage":"es"},{"@type":"Organization","@id":"https:\/\/gonvel.net\/#organization","name":"GONVEL Abogados y Asesores Tributarios","url":"https:\/\/gonvel.net\/","logo":{"@type":"ImageObject","inLanguage":"es","@id":"https:\/\/gonvel.net\/#\/schema\/logo\/image\/","url":"https:\/\/gonvel.net\/wp-content\/uploads\/2026\/01\/logo-inicio.jpg","contentUrl":"https:\/\/gonvel.net\/wp-content\/uploads\/2026\/01\/logo-inicio.jpg","width":449,"height":305,"caption":"GONVEL Abogados y Asesores Tributarios"},"image":{"@id":"https:\/\/gonvel.net\/#\/schema\/logo\/image\/"}}]}},"_links":{"self":[{"href":"https:\/\/gonvel.net\/index.php\/wp-json\/wp\/v2\/pages\/241","targetHints":{"allow":["GET"]}}],"collection":[{"href":"https:\/\/gonvel.net\/index.php\/wp-json\/wp\/v2\/pages"}],"about":[{"href":"https:\/\/gonvel.net\/index.php\/wp-json\/wp\/v2\/types\/page"}],"author":[{"embeddable":true,"href":"https:\/\/gonvel.net\/index.php\/wp-json\/wp\/v2\/users\/1"}],"replies":[{"embeddable":true,"href":"https:\/\/gonvel.net\/index.php\/wp-json\/wp\/v2\/comments?post=241"}],"version-history":[{"count":1,"href":"https:\/\/gonvel.net\/index.php\/wp-json\/wp\/v2\/pages\/241\/revisions"}],"predecessor-version":[{"id":242,"href":"https:\/\/gonvel.net\/index.php\/wp-json\/wp\/v2\/pages\/241\/revisions\/242"}],"wp:attachment":[{"href":"https:\/\/gonvel.net\/index.php\/wp-json\/wp\/v2\/media?parent=241"}],"curies":[{"name":"wp","href":"https:\/\/api.w.org\/{rel}","templated":true}]}}