{"id":233,"date":"2026-02-20T13:42:22","date_gmt":"2026-02-20T13:42:22","guid":{"rendered":"https:\/\/gonvel.net\/?page_id=233"},"modified":"2026-02-20T13:42:22","modified_gmt":"2026-02-20T13:42:22","slug":"maria-fernandez-sobrin-cv","status":"publish","type":"page","link":"https:\/\/gonvel.net\/index.php\/maria-fernandez-sobrin-cv\/","title":{"rendered":"Mar\u00eda Fern\u00e1ndez Sobr\u00edn &#8211; CV"},"content":{"rendered":"<div style=\"max-width:900px;margin:auto;font-family:system-ui;background:#fdfdff;padding:20px;\">\n<div style=\"background:linear-gradient(135deg,#d7f0ff,#ffe1f0,#e9ffe7);padding:30px;border-radius:20px;display:flex;gap:20px;align-items:center;\">\n        <img decoding=\"async\" src=\"https:\/\/gonvel.net\/wp-content\/uploads\/2026\/02\/MARIA-BSE-web-1.jpg\" style=\"width:120px;height:120px;border-radius:50%;object-fit:cover;border:4px solid #fff;\"><\/p>\n<div>\n<h1 style=\"margin:0;font-size:32px;\">Mar\u00eda Fern\u00e1ndez Sobr\u00edn<\/h1>\n<p style=\"margin:5px 0;font-weight:600;\">Licenciada en Derecho por la Universidad San Pablo CEU.<\/p>\n<p style=\"margin:5px 0;\">\ud83d\udce7 maria.fernandez@gonvel.net<\/p>\n<\/p><\/div>\n<\/p><\/div>\n<div style=\"background:#fff;margin-top:20px;padding:25px;border-radius:18px;\">\n<h2>Formaci\u00f3n y Experiencia<\/h2>\n<ul>\n<li>Abogada del \u00c1rea de Asesoramiento Tributario.<\/li>\n<li>Abogada del \u00c1rea de Asesoramiento Tributario y del \u00e1rea Fiscal de Gonvel Abogados y Asesores Tributarios.<\/li>\n<li>Especialidad en Derecho Tributario.<\/li>\n<li>Anteriormente abogada de la Firma KPMG, especializada en materia tributaria.<\/li>\n<li>M\u00e1ster en Asesor\u00eda Fiscal de Empresas en ESESA Escuela Superior de Estudio de Empresa.<\/li>\n<li>Licenciada en Derecho por la Universidad San Pablo CEU.<\/li>\n<li>Oposiciones al Cuerpo de Abogados del Estado.<\/li>\n<li>Ponente en seminarios t\u00e9cnicos en ESESA Escuela Superior de Estudio de Empresa.<\/li>\n<li>Espa\u00f1ol (lengua materna) e Ingl\u00e9s (fluidez tanto en expresi\u00f3n oral como escrita).<\/li>\n<li>15 a\u00f1os de experiencia en materia jur\u00eddica y fiscal<\/li>\n<\/ul><\/div>\n<\/p><\/div>\n","protected":false},"excerpt":{"rendered":"<p>Mar\u00eda Fern\u00e1ndez Sobr\u00edn Licenciada en Derecho por la Universidad San Pablo CEU. \ud83d\udce7 maria.fernandez@gonvel.net Formaci\u00f3n y Experiencia Abogada del \u00c1rea de Asesoramiento Tributario. Abogada del \u00c1rea de Asesoramiento Tributario y del \u00e1rea Fiscal de Gonvel Abogados y Asesores Tributarios. Especialidad en Derecho Tributario. Anteriormente abogada de la Firma KPMG, especializada en materia tributaria. M\u00e1ster en [&hellip;]<\/p>\n","protected":false},"author":1,"featured_media":0,"parent":0,"menu_order":0,"comment_status":"closed","ping_status":"closed","template":"","meta":{"_themeisle_gutenberg_block_has_review":false,"footnotes":""},"class_list":["post-233","page","type-page","status-publish","hentry"],"yoast_head":"<!-- This site is optimized with the Yoast SEO plugin v27.3 - https:\/\/yoast.com\/product\/yoast-seo-wordpress\/ -->\n<title>Mar\u00eda Fern\u00e1ndez Sobr\u00edn - CV - GONVEL Abogados y Asesores Tributarios<\/title>\n<meta name=\"robots\" content=\"index, follow, max-snippet:-1, max-image-preview:large, max-video-preview:-1\" \/>\n<link rel=\"canonical\" href=\"https:\/\/gonvel.net\/index.php\/maria-fernandez-sobrin-cv\/\" \/>\n<meta property=\"og:locale\" content=\"es_ES\" \/>\n<meta property=\"og:type\" content=\"article\" \/>\n<meta property=\"og:title\" content=\"Mar\u00eda Fern\u00e1ndez Sobr\u00edn - CV - GONVEL Abogados y Asesores Tributarios\" \/>\n<meta property=\"og:description\" content=\"Mar\u00eda Fern\u00e1ndez Sobr\u00edn Licenciada en Derecho por la Universidad San Pablo CEU. \ud83d\udce7 maria.fernandez@gonvel.net Formaci\u00f3n y Experiencia Abogada del \u00c1rea de Asesoramiento Tributario. Abogada del \u00c1rea de Asesoramiento Tributario y del \u00e1rea Fiscal de Gonvel Abogados y Asesores Tributarios. Especialidad en Derecho Tributario. Anteriormente abogada de la Firma KPMG, especializada en materia tributaria. M\u00e1ster en [&hellip;]\" \/>\n<meta property=\"og:url\" content=\"https:\/\/gonvel.net\/index.php\/maria-fernandez-sobrin-cv\/\" \/>\n<meta property=\"og:site_name\" content=\"GONVEL Abogados y Asesores Tributarios\" \/>\n<meta property=\"og:image\" content=\"https:\/\/gonvel.net\/wp-content\/uploads\/2026\/02\/MARIA-BSE-web-1.jpg\" \/>\n<meta name=\"twitter:card\" content=\"summary_large_image\" \/>\n<script type=\"application\/ld+json\" class=\"yoast-schema-graph\">{\"@context\":\"https:\\\/\\\/schema.org\",\"@graph\":[{\"@type\":\"WebPage\",\"@id\":\"https:\\\/\\\/gonvel.net\\\/index.php\\\/maria-fernandez-sobrin-cv\\\/\",\"url\":\"https:\\\/\\\/gonvel.net\\\/index.php\\\/maria-fernandez-sobrin-cv\\\/\",\"name\":\"Mar\u00eda Fern\u00e1ndez Sobr\u00edn - CV - GONVEL Abogados y Asesores Tributarios\",\"isPartOf\":{\"@id\":\"https:\\\/\\\/gonvel.net\\\/#website\"},\"primaryImageOfPage\":{\"@id\":\"https:\\\/\\\/gonvel.net\\\/index.php\\\/maria-fernandez-sobrin-cv\\\/#primaryimage\"},\"image\":{\"@id\":\"https:\\\/\\\/gonvel.net\\\/index.php\\\/maria-fernandez-sobrin-cv\\\/#primaryimage\"},\"thumbnailUrl\":\"https:\\\/\\\/gonvel.net\\\/wp-content\\\/uploads\\\/2026\\\/02\\\/MARIA-BSE-web-1.jpg\",\"datePublished\":\"2026-02-20T13:42:22+00:00\",\"breadcrumb\":{\"@id\":\"https:\\\/\\\/gonvel.net\\\/index.php\\\/maria-fernandez-sobrin-cv\\\/#breadcrumb\"},\"inLanguage\":\"es\",\"potentialAction\":[{\"@type\":\"ReadAction\",\"target\":[\"https:\\\/\\\/gonvel.net\\\/index.php\\\/maria-fernandez-sobrin-cv\\\/\"]}]},{\"@type\":\"ImageObject\",\"inLanguage\":\"es\",\"@id\":\"https:\\\/\\\/gonvel.net\\\/index.php\\\/maria-fernandez-sobrin-cv\\\/#primaryimage\",\"url\":\"https:\\\/\\\/gonvel.net\\\/wp-content\\\/uploads\\\/2026\\\/02\\\/MARIA-BSE-web-1.jpg\",\"contentUrl\":\"https:\\\/\\\/gonvel.net\\\/wp-content\\\/uploads\\\/2026\\\/02\\\/MARIA-BSE-web-1.jpg\",\"width\":1772,\"height\":2362},{\"@type\":\"BreadcrumbList\",\"@id\":\"https:\\\/\\\/gonvel.net\\\/index.php\\\/maria-fernandez-sobrin-cv\\\/#breadcrumb\",\"itemListElement\":[{\"@type\":\"ListItem\",\"position\":1,\"name\":\"Portada\",\"item\":\"https:\\\/\\\/gonvel.net\\\/\"},{\"@type\":\"ListItem\",\"position\":2,\"name\":\"Mar\u00eda Fern\u00e1ndez Sobr\u00edn &#8211; CV\"}]},{\"@type\":\"WebSite\",\"@id\":\"https:\\\/\\\/gonvel.net\\\/#website\",\"url\":\"https:\\\/\\\/gonvel.net\\\/\",\"name\":\"GONVEL Abogados y Asesores Tributarios\",\"description\":\"\",\"publisher\":{\"@id\":\"https:\\\/\\\/gonvel.net\\\/#organization\"},\"potentialAction\":[{\"@type\":\"SearchAction\",\"target\":{\"@type\":\"EntryPoint\",\"urlTemplate\":\"https:\\\/\\\/gonvel.net\\\/?s={search_term_string}\"},\"query-input\":{\"@type\":\"PropertyValueSpecification\",\"valueRequired\":true,\"valueName\":\"search_term_string\"}}],\"inLanguage\":\"es\"},{\"@type\":\"Organization\",\"@id\":\"https:\\\/\\\/gonvel.net\\\/#organization\",\"name\":\"GONVEL Abogados y Asesores Tributarios\",\"url\":\"https:\\\/\\\/gonvel.net\\\/\",\"logo\":{\"@type\":\"ImageObject\",\"inLanguage\":\"es\",\"@id\":\"https:\\\/\\\/gonvel.net\\\/#\\\/schema\\\/logo\\\/image\\\/\",\"url\":\"https:\\\/\\\/gonvel.net\\\/wp-content\\\/uploads\\\/2026\\\/01\\\/logo-inicio.jpg\",\"contentUrl\":\"https:\\\/\\\/gonvel.net\\\/wp-content\\\/uploads\\\/2026\\\/01\\\/logo-inicio.jpg\",\"width\":449,\"height\":305,\"caption\":\"GONVEL Abogados y Asesores Tributarios\"},\"image\":{\"@id\":\"https:\\\/\\\/gonvel.net\\\/#\\\/schema\\\/logo\\\/image\\\/\"}}]}<\/script>\n<!-- \/ Yoast SEO plugin. -->","yoast_head_json":{"title":"Mar\u00eda Fern\u00e1ndez Sobr\u00edn - CV - GONVEL Abogados y Asesores Tributarios","robots":{"index":"index","follow":"follow","max-snippet":"max-snippet:-1","max-image-preview":"max-image-preview:large","max-video-preview":"max-video-preview:-1"},"canonical":"https:\/\/gonvel.net\/index.php\/maria-fernandez-sobrin-cv\/","og_locale":"es_ES","og_type":"article","og_title":"Mar\u00eda Fern\u00e1ndez Sobr\u00edn - CV - GONVEL Abogados y Asesores Tributarios","og_description":"Mar\u00eda Fern\u00e1ndez Sobr\u00edn Licenciada en Derecho por la Universidad San Pablo CEU. \ud83d\udce7 maria.fernandez@gonvel.net Formaci\u00f3n y Experiencia Abogada del \u00c1rea de Asesoramiento Tributario. Abogada del \u00c1rea de Asesoramiento Tributario y del \u00e1rea Fiscal de Gonvel Abogados y Asesores Tributarios. Especialidad en Derecho Tributario. Anteriormente abogada de la Firma KPMG, especializada en materia tributaria. M\u00e1ster en [&hellip;]","og_url":"https:\/\/gonvel.net\/index.php\/maria-fernandez-sobrin-cv\/","og_site_name":"GONVEL Abogados y Asesores Tributarios","og_image":[{"url":"https:\/\/gonvel.net\/wp-content\/uploads\/2026\/02\/MARIA-BSE-web-1.jpg","type":"","width":"","height":""}],"twitter_card":"summary_large_image","schema":{"@context":"https:\/\/schema.org","@graph":[{"@type":"WebPage","@id":"https:\/\/gonvel.net\/index.php\/maria-fernandez-sobrin-cv\/","url":"https:\/\/gonvel.net\/index.php\/maria-fernandez-sobrin-cv\/","name":"Mar\u00eda Fern\u00e1ndez Sobr\u00edn - CV - GONVEL Abogados y Asesores Tributarios","isPartOf":{"@id":"https:\/\/gonvel.net\/#website"},"primaryImageOfPage":{"@id":"https:\/\/gonvel.net\/index.php\/maria-fernandez-sobrin-cv\/#primaryimage"},"image":{"@id":"https:\/\/gonvel.net\/index.php\/maria-fernandez-sobrin-cv\/#primaryimage"},"thumbnailUrl":"https:\/\/gonvel.net\/wp-content\/uploads\/2026\/02\/MARIA-BSE-web-1.jpg","datePublished":"2026-02-20T13:42:22+00:00","breadcrumb":{"@id":"https:\/\/gonvel.net\/index.php\/maria-fernandez-sobrin-cv\/#breadcrumb"},"inLanguage":"es","potentialAction":[{"@type":"ReadAction","target":["https:\/\/gonvel.net\/index.php\/maria-fernandez-sobrin-cv\/"]}]},{"@type":"ImageObject","inLanguage":"es","@id":"https:\/\/gonvel.net\/index.php\/maria-fernandez-sobrin-cv\/#primaryimage","url":"https:\/\/gonvel.net\/wp-content\/uploads\/2026\/02\/MARIA-BSE-web-1.jpg","contentUrl":"https:\/\/gonvel.net\/wp-content\/uploads\/2026\/02\/MARIA-BSE-web-1.jpg","width":1772,"height":2362},{"@type":"BreadcrumbList","@id":"https:\/\/gonvel.net\/index.php\/maria-fernandez-sobrin-cv\/#breadcrumb","itemListElement":[{"@type":"ListItem","position":1,"name":"Portada","item":"https:\/\/gonvel.net\/"},{"@type":"ListItem","position":2,"name":"Mar\u00eda Fern\u00e1ndez Sobr\u00edn &#8211; CV"}]},{"@type":"WebSite","@id":"https:\/\/gonvel.net\/#website","url":"https:\/\/gonvel.net\/","name":"GONVEL Abogados y Asesores Tributarios","description":"","publisher":{"@id":"https:\/\/gonvel.net\/#organization"},"potentialAction":[{"@type":"SearchAction","target":{"@type":"EntryPoint","urlTemplate":"https:\/\/gonvel.net\/?s={search_term_string}"},"query-input":{"@type":"PropertyValueSpecification","valueRequired":true,"valueName":"search_term_string"}}],"inLanguage":"es"},{"@type":"Organization","@id":"https:\/\/gonvel.net\/#organization","name":"GONVEL Abogados y Asesores Tributarios","url":"https:\/\/gonvel.net\/","logo":{"@type":"ImageObject","inLanguage":"es","@id":"https:\/\/gonvel.net\/#\/schema\/logo\/image\/","url":"https:\/\/gonvel.net\/wp-content\/uploads\/2026\/01\/logo-inicio.jpg","contentUrl":"https:\/\/gonvel.net\/wp-content\/uploads\/2026\/01\/logo-inicio.jpg","width":449,"height":305,"caption":"GONVEL Abogados y Asesores Tributarios"},"image":{"@id":"https:\/\/gonvel.net\/#\/schema\/logo\/image\/"}}]}},"_links":{"self":[{"href":"https:\/\/gonvel.net\/index.php\/wp-json\/wp\/v2\/pages\/233","targetHints":{"allow":["GET"]}}],"collection":[{"href":"https:\/\/gonvel.net\/index.php\/wp-json\/wp\/v2\/pages"}],"about":[{"href":"https:\/\/gonvel.net\/index.php\/wp-json\/wp\/v2\/types\/page"}],"author":[{"embeddable":true,"href":"https:\/\/gonvel.net\/index.php\/wp-json\/wp\/v2\/users\/1"}],"replies":[{"embeddable":true,"href":"https:\/\/gonvel.net\/index.php\/wp-json\/wp\/v2\/comments?post=233"}],"version-history":[{"count":1,"href":"https:\/\/gonvel.net\/index.php\/wp-json\/wp\/v2\/pages\/233\/revisions"}],"predecessor-version":[{"id":234,"href":"https:\/\/gonvel.net\/index.php\/wp-json\/wp\/v2\/pages\/233\/revisions\/234"}],"wp:attachment":[{"href":"https:\/\/gonvel.net\/index.php\/wp-json\/wp\/v2\/media?parent=233"}],"curies":[{"name":"wp","href":"https:\/\/api.w.org\/{rel}","templated":true}]}}