{"id":194,"date":"2026-02-20T13:14:12","date_gmt":"2026-02-20T13:14:12","guid":{"rendered":"https:\/\/gonvel.net\/?page_id=194"},"modified":"2026-02-20T13:14:13","modified_gmt":"2026-02-20T13:14:13","slug":"francisco-velasco-cobalea-cv","status":"publish","type":"page","link":"https:\/\/gonvel.net\/index.php\/francisco-velasco-cobalea-cv\/","title":{"rendered":"Francisco Velasco Cobalea &#8211; CV"},"content":{"rendered":"<div style=\"max-width:900px;margin:auto;font-family:system-ui;background:#fdfdff;padding:20px;\">\n<div style=\"background:linear-gradient(135deg,#d7f0ff,#ffe1f0,#e9ffe7);padding:30px;border-radius:20px;display:flex;gap:20px;align-items:center;\">\n        <img decoding=\"async\" src=\"https:\/\/gonvel.net\/wp-content\/uploads\/2026\/02\/FRANCISCO-BSE-web-1.jpg\" style=\"width:120px;height:120px;border-radius:50%;object-fit:cover;border:4px solid #fff;\"><\/p>\n<div>\n<h1 style=\"margin:0;font-size:32px;\">Francisco Velasco Cobalea<\/h1>\n<p style=\"margin:5px 0;font-weight:600;\">Licenciado en Derecho por el C.E.U. San Pablo de Madrid<\/p>\n<p style=\"margin:5px 0;\">\ud83d\udce7 francisco.velasco@gonvel.net<\/p>\n<\/p><\/div>\n<\/p><\/div>\n<div style=\"background:#fff;margin-top:20px;padding:25px;border-radius:18px;\">\n<h2>Formaci\u00f3n y Experiencia<\/h2>\n<ul>\n<li>Abogado y Socio Director del \u00c1rea de Asesoramiento Jur\u00eddico y \u00c1rea de Reestructuraci\u00f3n Empresarial de la Firma Gonvel Abogados y Asesores Tributarios.<\/li>\n<li>Anteriormente Asociado Senior de la Firma Landwell \u2013 PricewaterhouseCoopers, responsable de la especialidad de inmobiliario y urbanismo en Andaluc\u00eda.<\/li>\n<li>Master en Asesor\u00eda Fiscal de Empresas por el Instituto de Empresa de Madrid.<\/li>\n<li>Licenciado en Derecho por el C.E.U. San Pablo de Madrid<\/li>\n<li>Miembro del Ilustre Colegio de Abogados de M\u00e1laga.<\/li>\n<li>Profesor en materia inmobiliaria, urban\u00edstica y mercantil en diversas Escuelas de Negocios (IPE, ESESA-EOI y EADE).<\/li>\n<li>Part\u00edcipe en la redacci\u00f3n de libros y publicaciones (\u201cmanuales pr\u00e1cticos para la declaraci\u00f3n de la renta\u201d, \u201cFactbook\u201d, \u201cSur in English\u201d, \u201cVida Econ\u00f3mica de M\u00e1laga\u201d, \u201cLa Voz de C\u00e1diz\u201d, etc.) e intervenciones en radio y televisi\u00f3n.<\/li>\n<li>Idioma nativo: Espa\u00f1ol; Idioma secundario: Ingl\u00e9s fluido tanto en expresi\u00f3n oral como escrita.<\/li>\n<li>33 a\u00f1os de experiencia en materia jur\u00eddica y fiscal.<\/li>\n<\/ul><\/div>\n<\/p><\/div>\n","protected":false},"excerpt":{"rendered":"<p>Francisco Velasco Cobalea Licenciado en Derecho por el C.E.U. San Pablo de Madrid \ud83d\udce7 francisco.velasco@gonvel.net Formaci\u00f3n y Experiencia Abogado y Socio Director del \u00c1rea de Asesoramiento Jur\u00eddico y \u00c1rea de Reestructuraci\u00f3n Empresarial de la Firma Gonvel Abogados y Asesores Tributarios. Anteriormente Asociado Senior de la Firma Landwell \u2013 PricewaterhouseCoopers, responsable de la especialidad de inmobiliario [&hellip;]<\/p>\n","protected":false},"author":1,"featured_media":0,"parent":0,"menu_order":0,"comment_status":"closed","ping_status":"closed","template":"","meta":{"_themeisle_gutenberg_block_has_review":false,"footnotes":""},"class_list":["post-194","page","type-page","status-publish","hentry"],"yoast_head":"<!-- This site is optimized with the Yoast SEO plugin v27.3 - https:\/\/yoast.com\/product\/yoast-seo-wordpress\/ -->\n<title>Francisco Velasco Cobalea - CV - GONVEL Abogados y Asesores Tributarios<\/title>\n<meta name=\"robots\" content=\"index, follow, max-snippet:-1, max-image-preview:large, max-video-preview:-1\" \/>\n<link rel=\"canonical\" href=\"https:\/\/gonvel.net\/index.php\/francisco-velasco-cobalea-cv\/\" \/>\n<meta property=\"og:locale\" content=\"es_ES\" \/>\n<meta property=\"og:type\" content=\"article\" \/>\n<meta property=\"og:title\" content=\"Francisco Velasco Cobalea - CV - GONVEL Abogados y Asesores Tributarios\" \/>\n<meta property=\"og:description\" content=\"Francisco Velasco Cobalea Licenciado en Derecho por el C.E.U. San Pablo de Madrid \ud83d\udce7 francisco.velasco@gonvel.net Formaci\u00f3n y Experiencia Abogado y Socio Director del \u00c1rea de Asesoramiento Jur\u00eddico y \u00c1rea de Reestructuraci\u00f3n Empresarial de la Firma Gonvel Abogados y Asesores Tributarios. Anteriormente Asociado Senior de la Firma Landwell \u2013 PricewaterhouseCoopers, responsable de la especialidad de inmobiliario [&hellip;]\" \/>\n<meta property=\"og:url\" content=\"https:\/\/gonvel.net\/index.php\/francisco-velasco-cobalea-cv\/\" \/>\n<meta property=\"og:site_name\" content=\"GONVEL Abogados y Asesores Tributarios\" \/>\n<meta property=\"article:modified_time\" content=\"2026-02-20T13:14:13+00:00\" \/>\n<meta property=\"og:image\" content=\"https:\/\/gonvel.net\/wp-content\/uploads\/2026\/02\/FRANCISCO-BSE-web-1.jpg\" \/>\n<meta name=\"twitter:card\" content=\"summary_large_image\" \/>\n<meta name=\"twitter:label1\" content=\"Tiempo de lectura\" \/>\n\t<meta name=\"twitter:data1\" content=\"1 minuto\" \/>\n<script type=\"application\/ld+json\" class=\"yoast-schema-graph\">{\"@context\":\"https:\\\/\\\/schema.org\",\"@graph\":[{\"@type\":\"WebPage\",\"@id\":\"https:\\\/\\\/gonvel.net\\\/index.php\\\/francisco-velasco-cobalea-cv\\\/\",\"url\":\"https:\\\/\\\/gonvel.net\\\/index.php\\\/francisco-velasco-cobalea-cv\\\/\",\"name\":\"Francisco Velasco Cobalea - CV - GONVEL Abogados y Asesores Tributarios\",\"isPartOf\":{\"@id\":\"https:\\\/\\\/gonvel.net\\\/#website\"},\"primaryImageOfPage\":{\"@id\":\"https:\\\/\\\/gonvel.net\\\/index.php\\\/francisco-velasco-cobalea-cv\\\/#primaryimage\"},\"image\":{\"@id\":\"https:\\\/\\\/gonvel.net\\\/index.php\\\/francisco-velasco-cobalea-cv\\\/#primaryimage\"},\"thumbnailUrl\":\"https:\\\/\\\/gonvel.net\\\/wp-content\\\/uploads\\\/2026\\\/02\\\/FRANCISCO-BSE-web-1.jpg\",\"datePublished\":\"2026-02-20T13:14:12+00:00\",\"dateModified\":\"2026-02-20T13:14:13+00:00\",\"breadcrumb\":{\"@id\":\"https:\\\/\\\/gonvel.net\\\/index.php\\\/francisco-velasco-cobalea-cv\\\/#breadcrumb\"},\"inLanguage\":\"es\",\"potentialAction\":[{\"@type\":\"ReadAction\",\"target\":[\"https:\\\/\\\/gonvel.net\\\/index.php\\\/francisco-velasco-cobalea-cv\\\/\"]}]},{\"@type\":\"ImageObject\",\"inLanguage\":\"es\",\"@id\":\"https:\\\/\\\/gonvel.net\\\/index.php\\\/francisco-velasco-cobalea-cv\\\/#primaryimage\",\"url\":\"https:\\\/\\\/gonvel.net\\\/wp-content\\\/uploads\\\/2026\\\/02\\\/FRANCISCO-BSE-web-1.jpg\",\"contentUrl\":\"https:\\\/\\\/gonvel.net\\\/wp-content\\\/uploads\\\/2026\\\/02\\\/FRANCISCO-BSE-web-1.jpg\",\"width\":1772,\"height\":2362},{\"@type\":\"BreadcrumbList\",\"@id\":\"https:\\\/\\\/gonvel.net\\\/index.php\\\/francisco-velasco-cobalea-cv\\\/#breadcrumb\",\"itemListElement\":[{\"@type\":\"ListItem\",\"position\":1,\"name\":\"Portada\",\"item\":\"https:\\\/\\\/gonvel.net\\\/\"},{\"@type\":\"ListItem\",\"position\":2,\"name\":\"Francisco Velasco Cobalea &#8211; CV\"}]},{\"@type\":\"WebSite\",\"@id\":\"https:\\\/\\\/gonvel.net\\\/#website\",\"url\":\"https:\\\/\\\/gonvel.net\\\/\",\"name\":\"GONVEL Abogados y Asesores Tributarios\",\"description\":\"\",\"publisher\":{\"@id\":\"https:\\\/\\\/gonvel.net\\\/#organization\"},\"potentialAction\":[{\"@type\":\"SearchAction\",\"target\":{\"@type\":\"EntryPoint\",\"urlTemplate\":\"https:\\\/\\\/gonvel.net\\\/?s={search_term_string}\"},\"query-input\":{\"@type\":\"PropertyValueSpecification\",\"valueRequired\":true,\"valueName\":\"search_term_string\"}}],\"inLanguage\":\"es\"},{\"@type\":\"Organization\",\"@id\":\"https:\\\/\\\/gonvel.net\\\/#organization\",\"name\":\"GONVEL Abogados y Asesores Tributarios\",\"url\":\"https:\\\/\\\/gonvel.net\\\/\",\"logo\":{\"@type\":\"ImageObject\",\"inLanguage\":\"es\",\"@id\":\"https:\\\/\\\/gonvel.net\\\/#\\\/schema\\\/logo\\\/image\\\/\",\"url\":\"https:\\\/\\\/gonvel.net\\\/wp-content\\\/uploads\\\/2026\\\/01\\\/logo-inicio.jpg\",\"contentUrl\":\"https:\\\/\\\/gonvel.net\\\/wp-content\\\/uploads\\\/2026\\\/01\\\/logo-inicio.jpg\",\"width\":449,\"height\":305,\"caption\":\"GONVEL Abogados y Asesores Tributarios\"},\"image\":{\"@id\":\"https:\\\/\\\/gonvel.net\\\/#\\\/schema\\\/logo\\\/image\\\/\"}}]}<\/script>\n<!-- \/ Yoast SEO plugin. -->","yoast_head_json":{"title":"Francisco Velasco Cobalea - CV - GONVEL Abogados y Asesores Tributarios","robots":{"index":"index","follow":"follow","max-snippet":"max-snippet:-1","max-image-preview":"max-image-preview:large","max-video-preview":"max-video-preview:-1"},"canonical":"https:\/\/gonvel.net\/index.php\/francisco-velasco-cobalea-cv\/","og_locale":"es_ES","og_type":"article","og_title":"Francisco Velasco Cobalea - CV - GONVEL Abogados y Asesores Tributarios","og_description":"Francisco Velasco Cobalea Licenciado en Derecho por el C.E.U. San Pablo de Madrid \ud83d\udce7 francisco.velasco@gonvel.net Formaci\u00f3n y Experiencia Abogado y Socio Director del \u00c1rea de Asesoramiento Jur\u00eddico y \u00c1rea de Reestructuraci\u00f3n Empresarial de la Firma Gonvel Abogados y Asesores Tributarios. Anteriormente Asociado Senior de la Firma Landwell \u2013 PricewaterhouseCoopers, responsable de la especialidad de inmobiliario [&hellip;]","og_url":"https:\/\/gonvel.net\/index.php\/francisco-velasco-cobalea-cv\/","og_site_name":"GONVEL Abogados y Asesores Tributarios","article_modified_time":"2026-02-20T13:14:13+00:00","og_image":[{"url":"https:\/\/gonvel.net\/wp-content\/uploads\/2026\/02\/FRANCISCO-BSE-web-1.jpg","type":"","width":"","height":""}],"twitter_card":"summary_large_image","twitter_misc":{"Tiempo de lectura":"1 minuto"},"schema":{"@context":"https:\/\/schema.org","@graph":[{"@type":"WebPage","@id":"https:\/\/gonvel.net\/index.php\/francisco-velasco-cobalea-cv\/","url":"https:\/\/gonvel.net\/index.php\/francisco-velasco-cobalea-cv\/","name":"Francisco Velasco Cobalea - CV - GONVEL Abogados y Asesores Tributarios","isPartOf":{"@id":"https:\/\/gonvel.net\/#website"},"primaryImageOfPage":{"@id":"https:\/\/gonvel.net\/index.php\/francisco-velasco-cobalea-cv\/#primaryimage"},"image":{"@id":"https:\/\/gonvel.net\/index.php\/francisco-velasco-cobalea-cv\/#primaryimage"},"thumbnailUrl":"https:\/\/gonvel.net\/wp-content\/uploads\/2026\/02\/FRANCISCO-BSE-web-1.jpg","datePublished":"2026-02-20T13:14:12+00:00","dateModified":"2026-02-20T13:14:13+00:00","breadcrumb":{"@id":"https:\/\/gonvel.net\/index.php\/francisco-velasco-cobalea-cv\/#breadcrumb"},"inLanguage":"es","potentialAction":[{"@type":"ReadAction","target":["https:\/\/gonvel.net\/index.php\/francisco-velasco-cobalea-cv\/"]}]},{"@type":"ImageObject","inLanguage":"es","@id":"https:\/\/gonvel.net\/index.php\/francisco-velasco-cobalea-cv\/#primaryimage","url":"https:\/\/gonvel.net\/wp-content\/uploads\/2026\/02\/FRANCISCO-BSE-web-1.jpg","contentUrl":"https:\/\/gonvel.net\/wp-content\/uploads\/2026\/02\/FRANCISCO-BSE-web-1.jpg","width":1772,"height":2362},{"@type":"BreadcrumbList","@id":"https:\/\/gonvel.net\/index.php\/francisco-velasco-cobalea-cv\/#breadcrumb","itemListElement":[{"@type":"ListItem","position":1,"name":"Portada","item":"https:\/\/gonvel.net\/"},{"@type":"ListItem","position":2,"name":"Francisco Velasco Cobalea &#8211; CV"}]},{"@type":"WebSite","@id":"https:\/\/gonvel.net\/#website","url":"https:\/\/gonvel.net\/","name":"GONVEL Abogados y Asesores Tributarios","description":"","publisher":{"@id":"https:\/\/gonvel.net\/#organization"},"potentialAction":[{"@type":"SearchAction","target":{"@type":"EntryPoint","urlTemplate":"https:\/\/gonvel.net\/?s={search_term_string}"},"query-input":{"@type":"PropertyValueSpecification","valueRequired":true,"valueName":"search_term_string"}}],"inLanguage":"es"},{"@type":"Organization","@id":"https:\/\/gonvel.net\/#organization","name":"GONVEL Abogados y Asesores Tributarios","url":"https:\/\/gonvel.net\/","logo":{"@type":"ImageObject","inLanguage":"es","@id":"https:\/\/gonvel.net\/#\/schema\/logo\/image\/","url":"https:\/\/gonvel.net\/wp-content\/uploads\/2026\/01\/logo-inicio.jpg","contentUrl":"https:\/\/gonvel.net\/wp-content\/uploads\/2026\/01\/logo-inicio.jpg","width":449,"height":305,"caption":"GONVEL Abogados y Asesores Tributarios"},"image":{"@id":"https:\/\/gonvel.net\/#\/schema\/logo\/image\/"}}]}},"_links":{"self":[{"href":"https:\/\/gonvel.net\/index.php\/wp-json\/wp\/v2\/pages\/194","targetHints":{"allow":["GET"]}}],"collection":[{"href":"https:\/\/gonvel.net\/index.php\/wp-json\/wp\/v2\/pages"}],"about":[{"href":"https:\/\/gonvel.net\/index.php\/wp-json\/wp\/v2\/types\/page"}],"author":[{"embeddable":true,"href":"https:\/\/gonvel.net\/index.php\/wp-json\/wp\/v2\/users\/1"}],"replies":[{"embeddable":true,"href":"https:\/\/gonvel.net\/index.php\/wp-json\/wp\/v2\/comments?post=194"}],"version-history":[{"count":1,"href":"https:\/\/gonvel.net\/index.php\/wp-json\/wp\/v2\/pages\/194\/revisions"}],"predecessor-version":[{"id":195,"href":"https:\/\/gonvel.net\/index.php\/wp-json\/wp\/v2\/pages\/194\/revisions\/195"}],"wp:attachment":[{"href":"https:\/\/gonvel.net\/index.php\/wp-json\/wp\/v2\/media?parent=194"}],"curies":[{"name":"wp","href":"https:\/\/api.w.org\/{rel}","templated":true}]}}